{"id":907,"date":"2025-10-23T12:05:51","date_gmt":"2025-10-23T12:05:51","guid":{"rendered":"https:\/\/parkscorleduyn.com\/?page_id=907"},"modified":"2025-10-23T12:05:53","modified_gmt":"2025-10-23T12:05:53","slug":"privacyverklaring","status":"publish","type":"page","link":"https:\/\/parkscorleduyn.com\/de\/privacyverklaring\/","title":{"rendered":"Datenschutzerkl\u00e4rung"},"content":{"rendered":"<div id=\"cs-content\" class=\"cs-content\"><div class=\"x-section e907-e1 mp7-0 mp7-1\" id=\"cookie\"><div class=\"x-row x-container max width e907-e2 mp7-3 mp7-4 mp7-5\"><div class=\"x-row-inner\"><div class=\"x-col e907-e3 mp7-a\"><h1  class=\"h-custom-headline cs-ta-left h2\" style=\"color: hsl(0, 0%, 0%);margin-top: 100px; margin-bottom: 20px;\"><span>Datenschutzerkl\u00e4rung<\/span><\/h1><h1  class=\"h-custom-headline cs-ta-left h4\" style=\"color: #bead91;margin-top: -20px; margin-bottom: 20px;\"><span>Park Scorleduyn<\/span><\/h1><div id=\"\" class=\"x-text\" style=\"\" ><p>Park Scorleduyn, Oorsprongweg 8, 1871 HA Schoorl, ist f\u00fcr die Verarbeitung personenbezogener Daten gem\u00e4\u00df dieser Datenschutzerkl\u00e4rung verantwortlich.<\/p>\n<p>Kontaktinformationen:<br \/>\n<a href=\"https:\/\/parkscorleduyn.com\/de\/\">https:\/\/parkscorleduyn.com\/<\/a><\/p>\n<p><span style=\"color: #000000;\">Ursprungsstra\u00dfe 8<br \/>\n1871 HA Schoorl<\/span><br \/>\n<a href=\"tel:31725092528\">+31 (0)72 509 2528<\/a><\/p>\n<p>Petra ist die Datenschutzbeauftragte von Park Scorleduyn und kann \u00fcber <a href=\"mailto:receptie@parkscorleduyn.com\" style=\"color: #bead91;\">receptie@parkscorleduyn.com<\/a><\/p>\n<\/div><h1  class=\"h-custom-headline cs-ta-left h4\" style=\"color: hsl(0, 0%, 0%);margin-top: 40px; margin-bottom: 20px;\"><span>Personenbezogene Daten, die wir verarbeiten<\/span><\/h1><div id=\"\" class=\"x-text\" style=\"\" ><p>Park Scorleduyn verarbeitet Ihre personenbezogenen Daten, weil Sie unsere Dienste nutzen und\/oder weil Sie uns diese Daten selbst zur Verf\u00fcgung stellen. Nachfolgend finden Sie eine \u00dcbersicht \u00fcber die von uns verarbeiteten personenbezogenen Daten:<\/p>\n<ul>\n<li>E-Mail-Adresse und\/oder Telefonnummer<\/li>\n<\/ul>\n<\/div><h1  class=\"h-custom-headline cs-ta-left h4\" style=\"color: hsl(0, 0%, 0%);margin-top: 40px; margin-bottom: 20px;\"><span>Besondere und\/oder sensible personenbezogene Daten, die wir verarbeiten\n<\/span><\/h1><div id=\"\" class=\"x-text\" style=\"\" ><p>Unsere Website und\/oder unser Service beabsichtigen nicht, Daten von Website-Besuchern unter 16 Jahren zu sammeln, es sei denn, sie haben die Zustimmung eines Elternteils oder Erziehungsberechtigten. Wir k\u00f6nnen jedoch nicht \u00fcberpr\u00fcfen, ob ein Besucher \u00e4lter als 16 Jahre ist. Wir empfehlen Eltern daher, die Online-Aktivit\u00e4ten ihrer Kinder zu \u00fcberwachen, um zu verhindern, dass Daten \u00fcber Kinder ohne deren Zustimmung gesammelt werden. Wenn Sie der Meinung sind, dass wir ohne diese Zustimmung personenbezogene Daten eines Minderj\u00e4hrigen gesammelt haben, kontaktieren Sie uns bitte unter <a href=\"mailto:receptie@parkscorleduyn.com\">receptie@parkscorleduyn.com<\/a>, dann werden wir diese Informationen l\u00f6schen.<\/p>\n<\/div><h1  class=\"h-custom-headline cs-ta-left h4\" style=\"color: hsl(0, 0%, 0%);margin-top: 40px; margin-bottom: 20px;\"><span>Park Scorkeduyn verarbeitet Ihre personenbezogenen Daten zu folgenden Zwecken:<\/span><\/h1><div id=\"\" class=\"x-text\" style=\"\" ><p>Um Sie anrufen oder Ihnen eine E-Mail senden zu k\u00f6nnen, wenn dies zur Durchf\u00fchrung unserer Dienste und\/oder Leistungserbringung erforderlich ist.<\/p>\n<\/div><h1  class=\"h-custom-headline cs-ta-left h4\" style=\"color: hsl(0, 0%, 0%);margin-top: 40px; margin-bottom: 20px;\"><span>Wie lange wir personenbezogene Daten aufbewahren<\/span><\/h1><div id=\"\" class=\"x-text\" style=\"\" ><p>Park Scorleduyn speichert Ihre personenbezogenen Daten nicht l\u00e4nger als unbedingt erforderlich, um die Zwecke zu erreichen, f\u00fcr die Ihre Daten erhoben werden.<\/p>\n<\/div><h1  class=\"h-custom-headline cs-ta-left h4\" style=\"color: hsl(0, 0%, 0%);margin-top: 40px; margin-bottom: 20px;\"><span>Cookies oder \u00e4hnliche Techniken, die wir verwenden\n<\/span><\/h1><div id=\"\" class=\"x-text\" style=\"\" ><p>Park Scorleduyn verwendet ausschlie\u00dflich technische und funktionale Cookies sowie analytische Cookies, die Ihre Privatsph\u00e4re nicht verletzen. Ein Cookie ist eine kleine Textdatei, die beim ersten Besuch dieser Website auf Ihrem Computer, Tablet oder Smartphone gespeichert wird. Die von uns verwendeten Cookies sind f\u00fcr den technischen Betrieb der Website und Ihre Benutzerfreundlichkeit notwendig. Sie sorgen daf\u00fcr, dass die Website ordnungsgem\u00e4\u00df funktioniert und speichern beispielsweise Ihre Pr\u00e4ferenzen. Au\u00dferdem erm\u00f6glichen sie uns die Optimierung unserer Website. Sie k\u00f6nnen die Verwendung von Cookies ablehnen, indem Sie Ihren Internetbrowser so konfigurieren, dass keine Cookies mehr gespeichert werden. Sie k\u00f6nnen auch alle zuvor gespeicherten Informationen \u00fcber Ihre Browsereinstellungen l\u00f6schen.<\/p>\n<\/div><h1  class=\"h-custom-headline cs-ta-left h4\" style=\"color: hsl(0, 0%, 0%);margin-top: 40px; margin-bottom: 20px;\"><span>Daten einsehen, \u00e4ndern oder l\u00f6schen\n<\/span><\/h1><div id=\"\" class=\"x-text\" style=\"\" ><p>Sie haben das Recht auf Auskunft, Berichtigung oder L\u00f6schung Ihrer personenbezogenen Daten. Sie haben au\u00dferdem das Recht, Ihre Einwilligung zur Datenverarbeitung zu widerrufen oder der Verarbeitung Ihrer personenbezogenen Daten durch Park Scorleduyn zu widersprechen, und Sie haben das Recht auf Daten\u00fcbertragbarkeit. Das bedeutet, dass Sie uns auffordern k\u00f6nnen, Ihre personenbezogenen Daten, die wir \u00fcber Sie gespeichert haben, in einer Computerdatei an Sie oder eine andere von Ihnen angegebene Organisation zu senden. Sie k\u00f6nnen eine Anfrage auf Auskunft, Berichtigung, L\u00f6schung oder \u00dcbertragung Ihrer personenbezogenen Daten oder eine Anfrage auf Widerruf Ihrer Einwilligung oder Widerspruch gegen die Verarbeitung Ihrer personenbezogenen Daten an folgende Adresse senden: <a href=\"mailto:receptie@parkscorleduyn.nl\">receptie@parkscorleduyn.nl<\/a>Um zu \u00fcberpr\u00fcfen, ob der Antrag auf Zugang von Ihnen gestellt wurde, bitten wir Sie, dem Antrag eine Kopie Ihres Ausweises beizuf\u00fcgen. Bitte schw\u00e4rzen Sie in dieser Kopie Ihr Passfoto, die maschinenlesbare Zone (den Streifen mit den Nummern am unteren Rand des Passes), Ihre Passnummer und Ihre B\u00fcrgerservicenummer (BSN). Dies dient dem Schutz Ihrer Privatsph\u00e4re. Wir werden Ihre Anfrage so schnell wie m\u00f6glich, sp\u00e4testens jedoch innerhalb von vier Wochen, beantworten. Park Scorleduyn m\u00f6chte Sie au\u00dferdem dar\u00fcber informieren, dass Sie das Recht haben, bei der niederl\u00e4ndischen Datenschutzbeh\u00f6rde, der Autoriteit Persoonsgegevens, Beschwerde einzulegen. Dies k\u00f6nnen Sie \u00fcber den folgenden Link tun: <a href=\"https:\/\/autoriteitpersoonsgegevens.nl\/nl\/contact-met-de-autoriteit-persoonsgegevens\/tip-ons\">https:\/\/autoriteitpersoonsgegevens.nl\/nl\/contact-met-de-autoriteit-persoonsgegevens\/tip-ons<\/a><\/p>\n<\/div><h1  class=\"h-custom-headline cs-ta-left h4\" style=\"color: hsl(0, 0%, 0%);margin-top: 40px; margin-bottom: 20px;\"><span>Wie wir personenbezogene Daten sch\u00fctzen\n<\/span><\/h1><div id=\"\" class=\"x-text\" style=\"\" ><p>Park Scorleduyn nimmt den Schutz Ihrer Daten ernst und ergreift geeignete Ma\u00dfnahmen, um Missbrauch, Verlust, unbefugten Zugriff, unerw\u00fcnschte Offenlegung und unbefugte \u00c4nderung zu verhindern. Wenn Sie der Meinung sind, dass Ihre Daten nicht ausreichend gesch\u00fctzt sind oder Hinweise auf Missbrauch vorliegen, wenden Sie sich bitte an unseren Kundenservice oder per E-Mail an <a href=\"mailto:receptie@parkscorleduyn.nl\">receptie@parkscorleduyn.nl<\/a><\/p>\n<\/div><\/div><\/div><\/div><\/div><div class=\"x-section e907-e21 mp7-1 mp7-2\" style=\"border: solid 1px #ededed\" id=\"footer\"><div class=\"x-row x-container max width e907-e22 mp7-3 mp7-4 mp7-6\"><div class=\"x-row-inner\"><div class=\"x-col e907-e23 mp7-a\"><h2  class=\"h-custom-headline cs-ta-center h3\" style=\"color: hsl(0, 0%, 0%);margin-top: 0px;\"><span>Kontakt<\/span><\/h2><hr  class=\"x-gap\" style=\"margin: 20px 0 0 0;\"><\/div><\/div><\/div><div class=\"x-row x-container max width e907-e26 mp7-3 mp7-4 mp7-7\"><div class=\"x-row-inner\"><div class=\"x-col e907-e27 mp7-a\"><div id=\"\" class=\"x-text cs-ta-center\" style=\"\" ><p><span style=\"color: #000000;\"><b>Adresse<\/b><br \/>\nFerienpark Scorleduyn<br \/>\nUrsprungsstra\u00dfe 8<br \/>\n1871 HA Schoorl<\/span><\/p>\n<\/div><hr  class=\"x-gap\" style=\"margin: 20px 0 0 0;\"><\/div><div class=\"x-col e907-e30 mp7-a\"><div id=\"\" class=\"x-text cs-ta-center\" style=\"\" ><p><span style=\"color: #000000;\"><b>Email<\/b> <br \/>\n<\/span><span style=\"color: #bead91;\"><a href=\"mailto:info@parkscorleduyn.com\" style=\"color: #bead91;\">info@parkscorleduyn.com<\/a><\/span><\/p>\n<\/div><hr  class=\"x-gap\" style=\"margin: 20px 0 0 0;\"><\/div><div class=\"x-col e907-e33 mp7-a\"><div id=\"\" class=\"x-text cs-ta-center\" style=\"\" ><p><span style=\"color: #000000;\"><b>Telefonnummer<\/b><br \/>\n<a href=\"tel:31725092528\">+31 (0)72 509 2528<\/a><\/span><\/p>\n<\/div><hr  class=\"x-gap\" style=\"margin: 20px 0 0 0;\"><\/div><\/div><\/div><div class=\"x-row x-container max width e907-e36 mp7-3 mp7-4 mp7-8\"><div class=\"x-row-inner\"><div class=\"x-col e907-e37 mp7-a\"><div id=\"\" class=\"x-text cs-ta-center\" style=\"\" ><p><span style=\"color: #000000;\"><b>Privatsph\u00e4re<\/b><br \/>\n<a href=\"https:\/\/parkscorleduyn.com\/wp-content\/uploads\/2020\/04\/av-roompot-nl.pdf\" target=\"_blank\" rel=\"noopener\">Gesch\u00e4ftsbedingungen<\/a><br \/>\nCookie-Richtlinie<br \/>\nHaftungsausschluss<\/span><\/p>\n<\/div><\/div><div class=\"x-col e907-e39 mp7-a mp7-b\"><div id=\"\" class=\"x-text cs-ta-center\" style=\"margin-bottom:-30px;\" ><p><span style=\"color: #000000;\"><b>Folgen Sie uns in den sozialen Medien:<\/b><br \/>\n<\/span><\/p>\n<\/div><a class=\"x-anchor x-anchor-button has-graphic e907-e41 mp7-c\" tabindex=\"0\" href=\"#\"><div class=\"x-anchor-content\"><span class=\"x-graphic\" aria-hidden=\"true\"><i class=\"x-icon x-graphic-child x-graphic-icon x-graphic-primary\" aria-hidden=\"true\" data-x-icon-b=\"&#xf082;\"><\/i><\/span><\/div><\/a><a class=\"x-anchor x-anchor-button has-graphic e907-e42 mp7-c\" tabindex=\"0\" href=\"#\"><div class=\"x-anchor-content\"><span class=\"x-graphic\" aria-hidden=\"true\"><i class=\"x-icon x-graphic-child x-graphic-icon x-graphic-primary\" aria-hidden=\"true\" data-x-icon-b=\"&#xf081;\"><\/i><\/span><\/div><\/a><a class=\"x-anchor x-anchor-button has-graphic e907-e43 mp7-c\" tabindex=\"0\" href=\"#\"><div class=\"x-anchor-content\"><span class=\"x-graphic\" aria-hidden=\"true\"><i class=\"x-icon x-graphic-child x-graphic-icon x-graphic-primary\" aria-hidden=\"true\" data-x-icon-b=\"&#xe055;\"><\/i><\/span><\/div><\/a><\/div><div class=\"x-col e907-e44 mp7-a\"><hr  class=\"x-gap\" style=\"margin: 20px 0 0 0;\"><\/div><\/div><\/div><div class=\"x-row e907-e46 mp7-3 mp7-4 mp7-9 margin-bottom: -45px;\"><div class=\"x-row-inner\"><div class=\"x-col e907-e47 mp7-a afzender\"><hr  class=\"x-gap\" style=\"margin: 20px 0 0 0;\"><div id=\"\" class=\"x-text cs-ta-center\" style=\"\" ><p style=\"font-size:13px;\">Design und Realisierung durch <a href=\"https:\/\/demediagroep.nl\" target=\"_blank\" rel=\"noopener\">Die Mediengruppe<\/a><\/p>\n<\/div><\/div><\/div><\/div><\/div><\/div>","protected":false},"excerpt":{"rendered":"<p>Der Park Scorleduyn, Oorsprongweg 8, 1871 HA Schoorl, ist f\u00fcr die Verarbeitung personenbezogener Daten gem\u00e4\u00df dieser Datenschutzerkl\u00e4rung verantwortlich. Kontaktdaten: https:\/\/parkscorleduyn.com\/ Oorsprongweg 8 1871 HA Schoorl +31 (0)72 509 2528 Petra ist die Datenschutzbeauftragte des Parks Scorleduyn und erreichbar unter recpie@parkscorleduyn.com. Welche personenbezogenen Daten wir verarbeiten: Der Park Scorleduyn verarbeitet Ihre personenbezogenen Daten, weil Sie \u2026 <a href=\"https:\/\/parkscorleduyn.com\/de\/privacyverklaring\/\" class=\"more-link\">Weiterlesen<\/a><\/p>","protected":false},"author":1,"featured_media":0,"parent":0,"menu_order":0,"comment_status":"closed","ping_status":"closed","template":"template-blank-4.php","meta":{"rs_blank_template":"","rs_page_bg_color":"","slide_template_v7":"","footnotes":""},"class_list":["post-907","page","type-page","status-publish","hentry","no-post-thumbnail"],"yoast_head":"<!-- This site is optimized with the Yoast SEO plugin v27.2 - https:\/\/yoast.com\/product\/yoast-seo-wordpress\/ -->\n<title>Privacyverklaring - Park Scorleduyn<\/title>\n<meta name=\"robots\" content=\"index, follow, max-snippet:-1, max-image-preview:large, max-video-preview:-1\" \/>\n<link rel=\"canonical\" href=\"https:\/\/parkscorleduyn.com\/de\/privacyverklaring\/\" \/>\n<meta property=\"og:locale\" content=\"de_DE\" \/>\n<meta property=\"og:type\" content=\"article\" \/>\n<meta property=\"og:title\" content=\"Privacyverklaring - Park Scorleduyn\" \/>\n<meta property=\"og:description\" content=\"PrivacyverklaringPark ScorleduynPark Scorleduyn gevestigd aan de Oorsprongweg 8, 1871 HA Schoorl, is verantwoordelijk voor de verwerking van persoonsgegevens zoals weergegeven in deze privacyverklaring. Contactgegevens: https:\/\/parkscorleduyn.com\/ Oorsprongweg 8 1871 HA Schoorl +31 (0)72 509 2528 Petra is de Functionaris Gegevensbescherming van Park Scorleduyn zij is te bereiken via receptie@parkscorleduyn.com Persoonsgegevens die wij verwerkenPark Scorleduyn verwerkt je persoonsgegevens doordat je gebruik maakt ... Read More\" \/>\n<meta property=\"og:url\" content=\"https:\/\/parkscorleduyn.com\/de\/privacyverklaring\/\" \/>\n<meta property=\"og:site_name\" content=\"Park Scorleduyn\" \/>\n<meta property=\"article:modified_time\" content=\"2025-10-23T12:05:53+00:00\" \/>\n<meta name=\"twitter:card\" content=\"summary_large_image\" \/>\n<meta name=\"twitter:label1\" content=\"Gesch\u00e4tzte Lesezeit\" \/>\n\t<meta name=\"twitter:data1\" content=\"6\u00a0Minuten\" \/>\n<script type=\"application\/ld+json\" class=\"yoast-schema-graph\">{\"@context\":\"https:\/\/schema.org\",\"@graph\":[{\"@type\":\"WebPage\",\"@id\":\"https:\/\/parkscorleduyn.com\/privacyverklaring\/\",\"url\":\"https:\/\/parkscorleduyn.com\/privacyverklaring\/\",\"name\":\"Privacyverklaring - Park Scorleduyn\",\"isPartOf\":{\"@id\":\"https:\/\/parkscorleduyn.com\/nl_nl\/#website\"},\"datePublished\":\"2025-10-23T12:05:51+00:00\",\"dateModified\":\"2025-10-23T12:05:53+00:00\",\"breadcrumb\":{\"@id\":\"https:\/\/parkscorleduyn.com\/privacyverklaring\/#breadcrumb\"},\"inLanguage\":\"de\",\"potentialAction\":[{\"@type\":\"ReadAction\",\"target\":[\"https:\/\/parkscorleduyn.com\/privacyverklaring\/\"]}]},{\"@type\":\"BreadcrumbList\",\"@id\":\"https:\/\/parkscorleduyn.com\/privacyverklaring\/#breadcrumb\",\"itemListElement\":[{\"@type\":\"ListItem\",\"position\":1,\"name\":\"Home\",\"item\":\"https:\/\/parkscorleduyn.com\/nl_nl\/\"},{\"@type\":\"ListItem\",\"position\":2,\"name\":\"Privacyverklaring\"}]},{\"@type\":\"WebSite\",\"@id\":\"https:\/\/parkscorleduyn.com\/nl_nl\/#website\",\"url\":\"https:\/\/parkscorleduyn.com\/nl_nl\/\",\"name\":\"Park Scorleduyn\",\"description\":\"Exclusieve duinwoningen\",\"potentialAction\":[{\"@type\":\"SearchAction\",\"target\":{\"@type\":\"EntryPoint\",\"urlTemplate\":\"https:\/\/parkscorleduyn.com\/nl_nl\/?s={search_term_string}\"},\"query-input\":{\"@type\":\"PropertyValueSpecification\",\"valueRequired\":true,\"valueName\":\"search_term_string\"}}],\"inLanguage\":\"de\"}]}<\/script>\n<!-- \/ Yoast SEO plugin. -->","yoast_head_json":{"title":"Datenschutzerkl\u00e4rung - Park Scorleduyn","robots":{"index":"index","follow":"follow","max-snippet":"max-snippet:-1","max-image-preview":"max-image-preview:large","max-video-preview":"max-video-preview:-1"},"canonical":"https:\/\/parkscorleduyn.com\/de\/privacyverklaring\/","og_locale":"de_DE","og_type":"article","og_title":"Privacyverklaring - Park Scorleduyn","og_description":"PrivacyverklaringPark ScorleduynPark Scorleduyn gevestigd aan de Oorsprongweg 8, 1871 HA Schoorl, is verantwoordelijk voor de verwerking van persoonsgegevens zoals weergegeven in deze privacyverklaring. Contactgegevens: https:\/\/parkscorleduyn.com\/ Oorsprongweg 8 1871 HA Schoorl +31 (0)72 509 2528 Petra is de Functionaris Gegevensbescherming van Park Scorleduyn zij is te bereiken via receptie@parkscorleduyn.com Persoonsgegevens die wij verwerkenPark Scorleduyn verwerkt je persoonsgegevens doordat je gebruik maakt ... Read More","og_url":"https:\/\/parkscorleduyn.com\/de\/privacyverklaring\/","og_site_name":"Park Scorleduyn","article_modified_time":"2025-10-23T12:05:53+00:00","twitter_card":"summary_large_image","twitter_misc":{"Gesch\u00e4tzte Lesezeit":"6\u00a0Minuten"},"schema":{"@context":"https:\/\/schema.org","@graph":[{"@type":"WebPage","@id":"https:\/\/parkscorleduyn.com\/privacyverklaring\/","url":"https:\/\/parkscorleduyn.com\/privacyverklaring\/","name":"Datenschutzerkl\u00e4rung - Park Scorleduyn","isPartOf":{"@id":"https:\/\/parkscorleduyn.com\/nl_nl\/#website"},"datePublished":"2025-10-23T12:05:51+00:00","dateModified":"2025-10-23T12:05:53+00:00","breadcrumb":{"@id":"https:\/\/parkscorleduyn.com\/privacyverklaring\/#breadcrumb"},"inLanguage":"de","potentialAction":[{"@type":"ReadAction","target":["https:\/\/parkscorleduyn.com\/privacyverklaring\/"]}]},{"@type":"BreadcrumbList","@id":"https:\/\/parkscorleduyn.com\/privacyverklaring\/#breadcrumb","itemListElement":[{"@type":"ListItem","position":1,"name":"Home","item":"https:\/\/parkscorleduyn.com\/nl_nl\/"},{"@type":"ListItem","position":2,"name":"Privacyverklaring"}]},{"@type":"WebSite","@id":"https:\/\/parkscorleduyn.com\/nl_nl\/#website","url":"https:\/\/parkscorleduyn.com\/nl_nl\/","name":"Park Scorleduyn","description":"Exklusive D\u00fcnenh\u00e4user","potentialAction":[{"@type":"SearchAction","target":{"@type":"EntryPoint","urlTemplate":"https:\/\/parkscorleduyn.com\/nl_nl\/?s={search_term_string}"},"query-input":{"@type":"PropertyValueSpecification","valueRequired":true,"valueName":"search_term_string"}}],"inLanguage":"de"}]}},"_links":{"self":[{"href":"https:\/\/parkscorleduyn.com\/de\/wp-json\/wp\/v2\/pages\/907","targetHints":{"allow":["GET"]}}],"collection":[{"href":"https:\/\/parkscorleduyn.com\/de\/wp-json\/wp\/v2\/pages"}],"about":[{"href":"https:\/\/parkscorleduyn.com\/de\/wp-json\/wp\/v2\/types\/page"}],"author":[{"embeddable":true,"href":"https:\/\/parkscorleduyn.com\/de\/wp-json\/wp\/v2\/users\/1"}],"replies":[{"embeddable":true,"href":"https:\/\/parkscorleduyn.com\/de\/wp-json\/wp\/v2\/comments?post=907"}],"version-history":[{"count":2,"href":"https:\/\/parkscorleduyn.com\/de\/wp-json\/wp\/v2\/pages\/907\/revisions"}],"predecessor-version":[{"id":909,"href":"https:\/\/parkscorleduyn.com\/de\/wp-json\/wp\/v2\/pages\/907\/revisions\/909"}],"wp:attachment":[{"href":"https:\/\/parkscorleduyn.com\/de\/wp-json\/wp\/v2\/media?parent=907"}],"curies":[{"name":"wp","href":"https:\/\/api.w.org\/{rel}","templated":true}]}}