{"id":481,"date":"2020-04-08T12:47:55","date_gmt":"2020-04-08T12:47:55","guid":{"rendered":"https:\/\/parkscorleduyn.com\/?page_id=481"},"modified":"2025-10-23T12:18:33","modified_gmt":"2025-10-23T12:18:33","slug":"wandelen-in-schoorl","status":"publish","type":"page","link":"https:\/\/parkscorleduyn.com\/de\/wandelen-in-schoorl\/","title":{"rendered":"Wandern in Schoorl"},"content":{"rendered":"<div id=\"cs-content\" class=\"cs-content\"><div class=\"x-section e481-e1 mdd-0 mdd-1 mdd-2\"><div class=\"x-row e481-e2 mdd-6 mdd-7 mdd-8 mdd-9\"><div class=\"x-row-inner\"><div class=\"x-col e481-e3 mdd-m\">\n\t\t\t\t<p class=\"rs-p-wp-fix\"><\/p>\n\t\t\t\t<sr7-module data-alias=\"slider-4-personen-mindervaliden-1\" data-id=\"14\" id=\"SR7_14_1\" data-version=\"7.0.6\">\n\t\t\t\t\t<sr7-adjuster><\/sr7-adjuster>\n\t\t\t\t\t<sr7-content>\n\t\t\t\t\t\t<sr7-slide id=\"SR7_14_1-25\" data-key=\"25\">\n\t\t\t\t\t\t\t<sr7-bg id=\"SR7_14_1-25-27\" class=\"sr7-layer\"><noscript><img decoding=\"async\" src=\"https:\/\/parkscorleduyn.com\/wp-content\/uploads\/2020\/04\/header-wandelen-03-2480x1000-Scorleduyn.jpg\" alt=\"\" title=\"header wandelen 03 &#8211; 2480&#215;1000 &#8211; Scorleduyn\"><\/noscript><\/sr7-bg>\n\t\t\t\t\t\t\t<a id=\"SR7_14_1-25-23\" class=\"sr7-layer\" href=\"https:\/\/www.dormio.nl\/resorts-hotels\/dormio-park-scorleduyn?utm_campaign=WL_Scorleduyn\" target=\"_blank\" rel=\"nofollow noopener\">Direct boeken<\/a>\n\t\t\t\t\t\t\t<sr7-txt id=\"SR7_14_1-25-24\" class=\"sr7-layer\">Park Scorleduyn is een fraai gelegen vakantiepark in Schoorl en beschikt over moderne en smaakvol ingerichte luxe vakantiehuizen. Vanuit Park Scorleduyn heeft u de gelegenheid om de prachtige omgeving van Schoorl te ontdekken.<\/sr7-txt>\n\t\t\t\t\t\t\t<sr7-txt id=\"SR7_14_1-25-25\" class=\"sr7-layer\">Vakantiepark Scorleduyn<br \/>\n<\/sr7-txt>\n\t\t\t\t\t\t<\/sr7-slide>\n\t\t\t\t\t\t<sr7-slide id=\"SR7_14_1-36\" data-key=\"36\">\n\t\t\t\t\t\t<\/sr7-slide>\n\t\t\t\t\t<\/sr7-content>\n\t\t\t\t\t<image_lists style=\"display:none\">\n\t\t\t\t\t\t<img data-src=\"\/\/parkscorleduyn.com\/wp-content\/uploads\/revslider\/o\/14\/f475f10b67b11e490168226aa23d41e7.webp\" data-libid=\"605\" data-lib=\"medialibrary\" title=\"header wandelen 03 &#8211; 2480&#215;1000 &#8211; Scorleduyn\" width=\"0\" height=\"0\" data-dbsrc=\"Ly9wYXJrc2NvcmxlZHV5bi5jb20vd3AtY29udGVudC91cGxvYWRzLzIwMjAvMDQvaGVhZGVyLXdhbmRlbGVuLTAzLTI0ODB4MTAwMC1TY29ybGVkdXluLmpwZw==\"\/>\n\t\t\t\t\t<\/image_lists>\n\t\t\t\t<\/sr7-module>\n\t\t\t\t<script>\n\t\t\t\t\twindow.SR7??={}; SR7.PMH ??={}; SR7.PMH[\"SR7_14_1\"] = {cn:100,state:false,fn: function() { if (window._tpt!==undefined && window._tpt.prepareModuleHeight !== undefined) {  _tpt.prepareModuleHeight({id:\"SR7_14_1\",el:[600,600,568,560,520],type:'standard',gh:[600,600,568,560,520],gw:[1240,1240,1024,778,480],vpt:['-200px&#039;,&#039;-200px&#039;,&#039;-200px&#039;,&#039;-200px&#039;,&#039;-200px'],size:{fullWidth:false, fullHeight:false},mh:'0',onh:0,onw:0,bg:{color:'{\"orig\":\"transparent\",\"type\":\"solid\",\"string\":\"transparent\"}'},plType:'0',plColor:'#FFFFFF'});   SR7.PMH[\"SR7_14_1\"].state=true;} else if(SR7.PMH[\"SR7_14_1\"].cn-->0)\tsetTimeout( SR7.PMH[\"SR7_14_1\"].fn,19);}};SR7.PMH[\"SR7_14_1\" ].fn();\n\t\t\t\t<\/script>\n<\/div><\/div><\/div><\/div><div class=\"x-section x-hide-sm x-hide-xs e481-e5 mdd-0 mdd-1 mdd-2 mdd-3\"><div class=\"x-row e481-e6 mdd-6 mdd-7 mdd-8 mdd-a\"><div class=\"x-row-inner\"><div class=\"x-col e481-e7 mdd-m mdd-n\"><hr class=\"x-line e481-e8 mdd-o mdd-p\"\/><div id=\"\" class=\"x-text cs-ta-center\" style=\"\" ><link href=\"https:\/\/fonts.googleapis.com\/css2?family=Shadows+Into+Light&display=swap\" rel=\"stylesheet\">\n<h2 style=\"font-family: 'Shadows Into Light', cursive;  color:#ffffff; margin-top:-5px;\">\u2018Er even heerlijk tussenuit op Park Scorleduyn in Schoorl\u2019<\/p>\n<h2>\n<\/div><\/div><\/div><\/div><\/div><div class=\"x-section x-hide-lg x-hide-md x-hide-xl e481-e10 mdd-0 mdd-1 mdd-2 mdd-3\"><div class=\"x-row e481-e11 mdd-6 mdd-7 mdd-8 mdd-b\"><div class=\"x-row-inner\"><div class=\"x-col e481-e12 mdd-m mdd-n\"><div id=\"\" class=\"x-text cs-ta-center\" style=\"margin-bottom:-50px;\" ><link href=\"https:\/\/fonts.googleapis.com\/css2?family=Shadows+Into+Light&display=swap\" rel=\"stylesheet\">\n<h2 style=\"font-family: 'Shadows Into Light', cursive;  color:#ffffff; margin-top:-5px;\">\u2018Er even heerlijk tussenuit op Park Scorleduyn in Schoorl\u2019<\/p>\n<h2>\n<\/div><\/div><\/div><\/div><\/div><div class=\"x-section e481-e14 mdd-2 mdd-4\"><div class=\"x-row x-container max width x-hide-lg x-hide-md x-hide-xl e481-e15 mdd-6 mdd-8 mdd-c\"><div class=\"x-row-inner\"><div class=\"x-col e481-e16 mdd-m\"><h2  class=\"h-custom-headline cs-ta-left h3\" ><span>Wandelen in Schoorl<\/span><\/h2><\/div><\/div><\/div><div class=\"x-row x-container max width x-hide-sm x-hide-xs e481-e18 mdd-6 mdd-8 mdd-d\"><div class=\"x-row-inner\"><div class=\"x-col e481-e19 mdd-m\"><h2  class=\"h-custom-headline cs-ta-center h3\" ><span>Wandelen in Schoorl<\/span><\/h2><\/div><\/div><\/div><div class=\"x-row x-container max width e481-e21 mdd-6 mdd-7 mdd-8 mdd-e\"><div class=\"x-row-inner\"><div class=\"x-col e481-e22 mdd-m\"><hr class=\"x-line e481-e23 mdd-p mdd-q\"\/><div  class=\"x-columnize\" ><h5 style=\"margin-top:0px;\">Wandelen in de prachtige omgeving van Schoorl<\/h5>\nAls u heerlijk wilt genieten van de natuur, de duinen, het bos of het strand van Schoorl aan Zee, dan is Vakantiepark Scorleduyn de perfecte uitvalsbasis voor uw wandelweek(end). De Schoorlse Duinen behoren tot de populairste wandelplekjes van Noord-Holland, met een enorm netwerk van verschillende routes. We hebben voor u alvast een leuke tocht bedacht. En natuurlijk kunt u er ook zelf een uitstippelen.\n\n<h5>Ontdek Schoorl en omgeving<\/h5>\nOnze avontuurlijke wandeling start op het grote parkeerterrein van Groet. Loop over de Harrie Kuytenweg achter het beeldschone witte kerkje langs en ga via de Wagenmakersweg naar de voet van het kleine klimduin. Links op de hoek staat de simpele vakantiebungalow die Karel van het Reve een halve eeuw geleden liet bouwen. Hier begint het wandelpad de duinen in<\/div><\/div><\/div><\/div><\/div><div class=\"x-section x-hide-sm x-hide-xs e481-e25 mdd-2 mdd-4 parallax\"><div class=\"x-row x-container max width e481-e26 mdd-6 mdd-7 mdd-8 mdd-f\"><div class=\"x-row-inner\"><div class=\"x-col e481-e27 mdd-m\"><hr class=\"x-line e481-e28 mdd-p mdd-r\"\/><\/div><\/div><\/div><\/div><div class=\"x-section x-hide-lg x-hide-md x-hide-xl e481-e29 mdd-2 mdd-4 backgroundmobile\"><div class=\"x-row e481-e30 mdd-6 mdd-7 mdd-8 mdd-g\"><div class=\"x-row-inner\"><div class=\"x-col e481-e31 mdd-m\"><hr  class=\"x-gap\" style=\"margin: 300px 0 0 0;\"><\/div><\/div><\/div><\/div><div class=\"x-section e481-e33 mdd-2 mdd-4\"><div class=\"x-row x-container max width e481-e34 mdd-6 mdd-7 mdd-8 mdd-h\"><div class=\"x-row-inner\"><div class=\"x-col e481-e35 mdd-m\"><h2  class=\"h-custom-headline cs-ta-center h3\" ><span>Wandelroutes in de Schoorlse duinen<\/span><\/h2><hr class=\"x-line e481-e37 mdd-p mdd-q\"\/><ul  class=\"x-nav x-nav-tabs five-up left\"  data-x-element=\"tab_nav\" data-x-params=\"{&quot;orientation&quot;:&quot;vertical&quot;}\" role=\"tablist\"><li  class=\"x-nav-tabs-item active\"  role=\"presentation\"><a id=\"x-legacy-tab-1\" aria-selected=\"true\" aria-controls=\"x-legacy-panel-1\" role=\"tab\" data-x-toggle=\"tab\" data-x-toggleable=\"x-legacy-tab-1\" data-x-toggle-group=\"69f34f6fecd33\">De duinen in<\/a><\/li><li  class=\"x-nav-tabs-item\"  role=\"presentation\"><a id=\"x-legacy-tab-2\" aria-selected=\"false\" aria-controls=\"x-legacy-panel-2\" role=\"tab\" data-x-toggle=\"tab\" data-x-toggleable=\"x-legacy-tab-2\" data-x-toggle-group=\"69f34f6fecd33\">Verkorte route terug naar Groet<\/a><\/li><li  class=\"x-nav-tabs-item\"  role=\"presentation\"><a id=\"x-legacy-tab-3\" aria-selected=\"false\" aria-controls=\"x-legacy-panel-3\" role=\"tab\" data-x-toggle=\"tab\" data-x-toggleable=\"x-legacy-tab-3\" data-x-toggle-group=\"69f34f6fecd33\">Langere route door het oude bos<\/a><\/li><li  class=\"x-nav-tabs-item\"  role=\"presentation\"><a id=\"x-legacy-tab-4\" aria-selected=\"false\" aria-controls=\"x-legacy-panel-4\" role=\"tab\" data-x-toggle=\"tab\" data-x-toggleable=\"x-legacy-tab-4\" data-x-toggle-group=\"69f34f6fecd33\">Nog dieper de duinen in<\/a><\/li><li  class=\"x-nav-tabs-item\"  role=\"presentation\"><a id=\"x-legacy-tab-5\" aria-selected=\"false\" aria-controls=\"x-legacy-panel-5\" role=\"tab\" data-x-toggle=\"tab\" data-x-toggleable=\"x-legacy-tab-5\" data-x-toggle-group=\"69f34f6fecd33\">Afwisselend landschap in de laatste kilometers<\/a><\/li><\/ul><div  class=\"x-tab-content\" ><div id=\"x-legacy-panel-1\" class=\"x-tab-pane active\"  aria-hidden=\"false\" aria-labelledby=\"x-legacy-tab-1\" role=\"tabpanel\" data-x-toggleable=\"x-legacy-tab-1\"><p>Volg de Groeterweg tot de T-splitsing. In laatste honderd meter tot die splitsing is nog goed te zien welke enorme verwoesting de grote brand van 2009 in de Schoorlse duinen heeft aangericht. Volg de rode pijl en sla linksaf. Nu loopt u eerst een stukje gestaag omhoog, vervolgens weer langzaam naar beneden via het vrij lage naaldbos. Op de Muizenweg zult u zien dat elke boom wel een eigen plekje onder de blote hemel wenst, maar vooral niet boven de andere bomen wil uitsteken. Volg het slingerpad door de duinen, dan komt u uit op de Schoorlse Zeeweg.<\/p>\n<p><img loading=\"lazy\" decoding=\"async\" src=\"https:\/\/parkscorleduyn.com\/wp-content\/uploads\/2020\/04\/Omgeving-content-wandelen.png\" alt=\"\" width=\"1200\" height=\"600\" class=\"alignnone size-full wp-image-433\" srcset=\"https:\/\/parkscorleduyn.com\/wp-content\/uploads\/2020\/04\/Omgeving-content-wandelen.png 1200w, https:\/\/parkscorleduyn.com\/wp-content\/uploads\/2020\/04\/Omgeving-content-wandelen-300x150.png 300w, https:\/\/parkscorleduyn.com\/wp-content\/uploads\/2020\/04\/Omgeving-content-wandelen-1024x512.png 1024w, https:\/\/parkscorleduyn.com\/wp-content\/uploads\/2020\/04\/Omgeving-content-wandelen-768x384.png 768w, https:\/\/parkscorleduyn.com\/wp-content\/uploads\/2020\/04\/Omgeving-content-wandelen-100x50.png 100w, https:\/\/parkscorleduyn.com\/wp-content\/uploads\/2020\/04\/Omgeving-content-wandelen-846x423.png 846w, https:\/\/parkscorleduyn.com\/wp-content\/uploads\/2020\/04\/Omgeving-content-wandelen-1184x592.png 1184w\" sizes=\"auto, (max-width: 1200px) 100vw, 1200px\" \/><\/p><\/div><div id=\"x-legacy-panel-2\" class=\"x-tab-pane\"  aria-hidden=\"true\" aria-labelledby=\"x-legacy-tab-2\" role=\"tabpanel\" data-x-toggleable=\"x-legacy-tab-2\">U heeft er nu zo\u2019n drie kilometer op zitten. Vindt u het bijna wel mooi geweest, dan kunt u via de zeeweg linksaf naar het bezoekerscentrum. Vervolgens loopt u via de Oorsprongweg en Achterweg onderlangs de duinen terug naar Groet.<\/div><div id=\"x-legacy-panel-3\" class=\"x-tab-pane\"  aria-hidden=\"true\" aria-labelledby=\"x-legacy-tab-3\" role=\"tabpanel\" data-x-toggleable=\"x-legacy-tab-3\">Fanatieke wandelaars steken de Schoorlse Zeeweg over, een paar honderd meter rechtdoor. Als u het open zandgebied voor u ziet, maakt u eerst een scherpe afslag naar links en gaat u bij de tweede afslag naar rechts. Let op: Nu komt het lastigste stukje. Bij het eerste pad dat u nu aan uw linkerhand ziet, houdt u rechts aan. Volg dus niet de rode pijl.\n\nEven later gaat u links om op de Langeweg uit te komen. Dit stuk van de boomplantersroute door het oudste deel van het bos wordt met groene pijltjes aangegeven. Blijf de Langeweg volgen en sla rechtsaf de Groenveldslaan in. Op dit stuk komt u zelden iemand tegen. Het pad gaat vanzelf over in de Slangenweg. Negeer vooral op die ene verleidelijke\nV-splitsing het brede pad dat naar rechts en omhoog afbuigt.<\/div><div id=\"x-legacy-panel-4\" class=\"x-tab-pane\"  aria-hidden=\"true\" aria-labelledby=\"x-legacy-tab-4\" role=\"tabpanel\" data-x-toggleable=\"x-legacy-tab-4\">Na een wandeling van zo\u2019n zes kilometer komt u nu op iets drukker terrein. De Blijdensteinsweg is ook onderdeel van de fietsroute tussen Bergen en Schoorl aan Zee. Via deze weg gaat u weer dieper de duinen in. U komt twee keer voorbij de Lovinkslaan, want die vormt een rondje. Loop voorbij de Julianalaan en neem het eerste pad naar de Wilhelminalaan. Hier zijn geen fietsers en is het dus rustiger. Bovendien heeft u hier een indrukwekkend uitzicht op het Groote Ganzenveld dat in 2011 door een zware brand werd getroffen.<\/div><div id=\"x-legacy-panel-5\" class=\"x-tab-pane\"  aria-hidden=\"true\" aria-labelledby=\"x-legacy-tab-5\" role=\"tabpanel\" data-x-toggleable=\"x-legacy-tab-5\">Aan het einde van de Wilhelminalaan slaat u linksaf de Mariaweg op. Het is nu nog een paar kilometer tot Groet en de route is vrij simpel. Bij het wildrooster gaat u rechtsaf naar de Schoorlse Zeeweg en dan voor of na de Berenkuil linksaf via fietspad Nieuweweg tot u uw eindbestemming heeft bereikt. Tijdens uw wandeling zult u ervaren dat het duinlandschap steeds verandert. Door de eerder genoemde branden is een nieuw type duin ontstaan. In de stuifduinen groeien andere planten, die op hun beurt nieuwe vlindersoorten aantrekken.<\/div><\/div><\/div><\/div><\/div><\/div><div class=\"x-section e481-e44 mdd-1 mdd-2 mdd-5\" style=\"border: solid 1px #ededed\" id=\"footer\"><div class=\"x-row x-container max width e481-e45 mdd-6 mdd-7 mdd-8 mdd-i\"><div class=\"x-row-inner\"><div class=\"x-col e481-e46 mdd-m\"><h2  class=\"h-custom-headline cs-ta-center h3\" style=\"color: hsl(0, 0%, 0%);margin-top: 0px;\"><span>Contact<\/span><\/h2><hr  class=\"x-gap\" style=\"margin: 20px 0 0 0;\"><\/div><\/div><\/div><div class=\"x-row x-container max width e481-e49 mdd-6 mdd-7 mdd-8 mdd-j\"><div class=\"x-row-inner\"><div class=\"x-col e481-e50 mdd-m\"><div id=\"\" class=\"x-text cs-ta-center\" style=\"\" ><p><span style=\"color: #000000;\"><b>Adres<\/b><br \/>\nVakantiepark Scorleduyn<br \/>\nOorsprongweg 8<br \/>\n1871 HA Schoorl<\/p>\n<\/div><hr  class=\"x-gap\" style=\"margin: 20px 0 0 0;\"><\/div><div class=\"x-col e481-e53 mdd-m\"><div id=\"\" class=\"x-text cs-ta-center\" style=\"\" ><p><span style=\"color: #000000;\"><b>E-mail<\/b> <br \/><\/span><span style=\"color: #bead91;\"><a href=\"mailto:receptie@parkscorleduyn.com\" style=\"color: #bead91;\">receptie@parkscorleduyn.com<\/a><\/span><\/p>\n<\/div><hr  class=\"x-gap\" style=\"margin: 20px 0 0 0;\"><\/div><div class=\"x-col e481-e56 mdd-m\"><div id=\"\" class=\"x-text cs-ta-center\" style=\"\" ><p><span style=\"color: #000000;\"><b>Telefoonnummer<\/b><br \/><a href=\"tel:31725092528\">+31 (0)72 509 2528<\/a><\/span><\/p>\n<\/div><hr  class=\"x-gap\" style=\"margin: 20px 0 0 0;\"><\/div><\/div><\/div><div class=\"x-row x-container max width e481-e59 mdd-6 mdd-7 mdd-8 mdd-k\"><div class=\"x-row-inner\"><div class=\"x-col e481-e60 mdd-m\"><div id=\"\" class=\"x-text cs-ta-center\" style=\"\" ><p><span style=\"color: #000000;\"><b>Privacy<\/b><br \/>\n<a href=\"https:\/\/parkscorleduyn.com\/wp-content\/uploads\/2024\/05\/Algemene-Voorwaarden-Dormio-Resorts-Hotels-2024.02-Buitenhuis-beheerverhuur.pdf\" target=\"_blank\" rel=\"noopener\">Algemene voorwaarden<\/a><br \/>\n<a href=\"https:\/\/parkscorleduyn.com\/cookie-beleid-en-disclaimer\/#cookie\">Cookie beleid<\/a><br \/>\n<a href=\"https:\/\/parkscorleduyn.com\/cookie-beleid-en-disclaimer\/#disclaimer\">Disclaimer<\/a><\/span><\/p>\n<\/div><\/div><div class=\"x-col e481-e62 mdd-m mdd-n\"><div id=\"\" class=\"x-text cs-ta-center\" style=\"margin-bottom:-30px;\" ><p><span style=\"color: #000000;\"><b>Volg ons op social media:<\/b><br \/>\n<\/span><\/p>\n<\/div><a class=\"x-anchor x-anchor-button has-graphic e481-e64 mdd-s\" tabindex=\"0\" href=\"https:\/\/www.facebook.com\/Park-Scorleduyn-329747883715972\" target=\"_blank\" rel=\"noopener noreferrer\"><div class=\"x-anchor-content\"><span class=\"x-graphic\" aria-hidden=\"true\"><i class=\"x-icon x-graphic-child x-graphic-icon x-graphic-primary\" aria-hidden=\"true\" data-x-icon-b=\"&#xf082;\"><\/i><\/span><\/div><\/a><\/div><div class=\"x-col e481-e65 mdd-m mdd-n\"><a class=\"x-image e481-e66 mdd-t\" href=\"https:\/\/www.zoover.nl\/nederland\/noord-holland\/schoorl-groet\/park-scorleduyn\/vakantiepark\" target=\"_blank\" rel=\"noopener noreferrer\"><img decoding=\"async\" src=\"https:\/\/parkscorleduyn.com\/wp-content\/uploads\/2020\/04\/zoover-logo.png\" width=\"185\" height=\"65\" alt=\"Image\" loading=\"lazy\"><\/a><div id=\"\" class=\"x-text cs-ta-center\" style=\"margin-bottom:-30px; margin-top:10px;\" ><p><span style=\"color: #000000;\"><b>Beoordeelde ons met een <a href=\"https:\/\/www.zoover.nl\/nederland\/noord-holland\/schoorl-groet\/park-scorleduyn\/vakantiepark\" target=\"_blank\" rel=\"noopener\">8.1<\/a><\/b><br \/>\n<\/span><\/p>\n<\/div><hr  class=\"x-gap\" style=\"margin: 50px 0 0 0;\"><\/div><\/div><\/div><div class=\"x-row e481-e69 mdd-6 mdd-7 mdd-8 mdd-l margin-bottom: -45px;\"><div class=\"x-row-inner\"><div class=\"x-col e481-e70 mdd-m afzender\"><hr  class=\"x-gap\" style=\"margin: 20px 0 0 0;\"><div id=\"\" class=\"x-text cs-ta-center\" style=\"font-size:13px; margin-bottom: -10px;\" ><p><a href=\"https:\/\/parkscorleduyn.com\/nl_nl\/privacyverklaring\/\">Privacyverklaring<\/a> | <a href=\"https:\/\/parkscorleduyn.com\/nl_nl\/colofon\/\">Colofon<\/a><\/p>\n<\/div><div id=\"\" class=\"x-text cs-ta-center\" style=\"font-size:13px;\" ><p>ONTWERP EN REALISATIE DOOR <a href=\"https:\/\/desitebuilders.nl\/\" title=\"D\u00c9 SITE BUILDERS\" rel=\"nofollow\">D\u00c9 SITE BUILDERS<\/a><\/p>\n<\/div><\/div><\/div><\/div><\/div><\/div>\n","protected":false},"excerpt":{"rendered":"<p>Direkt buchen Park Scorleduyn ist ein wundersch\u00f6n gelegener Ferienpark in Schoorl und verf\u00fcgt \u00fcber moderne und geschmackvoll eingerichtete Luxusferienh\u00e4user. Vom Park Scorleduyn aus haben Sie die M\u00f6glichkeit, die sch\u00f6ne Umgebung von Schoorl zu entdecken. Ferienpark Scorleduyn &#039;Machen Sie eine Pause im Park Scorleduyn in Schoorl&#039; &#039;Machen Sie eine Pause im Park Scorleduyn in Schoorl&#039; Wandern in SchoorlWandern in SchoorlWandern \u2026 <a href=\"https:\/\/parkscorleduyn.com\/de\/wandelen-in-schoorl\/\" class=\"more-link\">Weiterlesen<\/a><\/p>","protected":false},"author":2,"featured_media":0,"parent":0,"menu_order":0,"comment_status":"closed","ping_status":"closed","template":"template-blank-4.php","meta":{"rs_blank_template":"","rs_page_bg_color":"#ffffff","slide_template_v7":"","footnotes":""},"class_list":["post-481","page","type-page","status-publish","hentry","no-post-thumbnail"],"yoast_head":"<!-- This site is optimized with the Yoast SEO plugin v27.2 - https:\/\/yoast.com\/product\/yoast-seo-wordpress\/ -->\n<title>Wandelen in Schoorl - Park Scorleduyn<\/title>\n<meta name=\"robots\" content=\"index, follow, max-snippet:-1, max-image-preview:large, max-video-preview:-1\" \/>\n<link rel=\"canonical\" href=\"https:\/\/parkscorleduyn.com\/de\/wandelen-in-schoorl\/\" \/>\n<meta property=\"og:locale\" content=\"de_DE\" \/>\n<meta property=\"og:type\" content=\"article\" \/>\n<meta property=\"og:title\" content=\"Wandelen in Schoorl - Park Scorleduyn\" \/>\n<meta property=\"og:description\" content=\"Direct boeken Park Scorleduyn is een fraai gelegen vakantiepark in Schoorl en beschikt over moderne en smaakvol ingerichte luxe vakantiehuizen. Vanuit Park Scorleduyn heeft u de gelegenheid om de prachtige omgeving van Schoorl te ontdekken. Vakantiepark Scorleduyn \u2018Er even heerlijk tussenuit op Park Scorleduyn in Schoorl\u2019 \u2018Er even heerlijk tussenuit op Park Scorleduyn in Schoorl\u2019 Wandelen in SchoorlWandelen in SchoorlWandelen ... Read More\" \/>\n<meta property=\"og:url\" content=\"https:\/\/parkscorleduyn.com\/de\/wandelen-in-schoorl\/\" \/>\n<meta property=\"og:site_name\" content=\"Park Scorleduyn\" \/>\n<meta property=\"article:modified_time\" content=\"2025-10-23T12:18:33+00:00\" \/>\n<meta property=\"og:image\" content=\"https:\/\/parkscorleduyn.com\/wp-content\/uploads\/2020\/04\/Omgeving-content-wandelen.png\" \/>\n<meta name=\"twitter:card\" content=\"summary_large_image\" \/>\n<meta name=\"twitter:label1\" content=\"Gesch\u00e4tzte Lesezeit\" \/>\n\t<meta name=\"twitter:data1\" content=\"7\u00a0Minuten\" \/>\n<script type=\"application\/ld+json\" class=\"yoast-schema-graph\">{\"@context\":\"https:\/\/schema.org\",\"@graph\":[{\"@type\":\"WebPage\",\"@id\":\"https:\/\/parkscorleduyn.com\/nl_nl\/wandelen-in-schoorl\/\",\"url\":\"https:\/\/parkscorleduyn.com\/nl_nl\/wandelen-in-schoorl\/\",\"name\":\"Wandelen in Schoorl - Park Scorleduyn\",\"isPartOf\":{\"@id\":\"https:\/\/parkscorleduyn.com\/nl_nl\/#website\"},\"primaryImageOfPage\":{\"@id\":\"https:\/\/parkscorleduyn.com\/nl_nl\/wandelen-in-schoorl\/#primaryimage\"},\"image\":{\"@id\":\"https:\/\/parkscorleduyn.com\/nl_nl\/wandelen-in-schoorl\/#primaryimage\"},\"thumbnailUrl\":\"https:\/\/parkscorleduyn.com\/wp-content\/uploads\/2020\/04\/Omgeving-content-wandelen.png\",\"datePublished\":\"2020-04-08T12:47:55+00:00\",\"dateModified\":\"2025-10-23T12:18:33+00:00\",\"breadcrumb\":{\"@id\":\"https:\/\/parkscorleduyn.com\/nl_nl\/wandelen-in-schoorl\/#breadcrumb\"},\"inLanguage\":\"de\",\"potentialAction\":[{\"@type\":\"ReadAction\",\"target\":[\"https:\/\/parkscorleduyn.com\/nl_nl\/wandelen-in-schoorl\/\"]}]},{\"@type\":\"ImageObject\",\"inLanguage\":\"de\",\"@id\":\"https:\/\/parkscorleduyn.com\/nl_nl\/wandelen-in-schoorl\/#primaryimage\",\"url\":\"https:\/\/parkscorleduyn.com\/wp-content\/uploads\/2020\/04\/Omgeving-content-wandelen.png\",\"contentUrl\":\"https:\/\/parkscorleduyn.com\/wp-content\/uploads\/2020\/04\/Omgeving-content-wandelen.png\"},{\"@type\":\"BreadcrumbList\",\"@id\":\"https:\/\/parkscorleduyn.com\/nl_nl\/wandelen-in-schoorl\/#breadcrumb\",\"itemListElement\":[{\"@type\":\"ListItem\",\"position\":1,\"name\":\"Home\",\"item\":\"https:\/\/parkscorleduyn.com\/nl_nl\/\"},{\"@type\":\"ListItem\",\"position\":2,\"name\":\"Wandelen in Schoorl\"}]},{\"@type\":\"WebSite\",\"@id\":\"https:\/\/parkscorleduyn.com\/nl_nl\/#website\",\"url\":\"https:\/\/parkscorleduyn.com\/nl_nl\/\",\"name\":\"Park Scorleduyn\",\"description\":\"Exclusieve duinwoningen\",\"potentialAction\":[{\"@type\":\"SearchAction\",\"target\":{\"@type\":\"EntryPoint\",\"urlTemplate\":\"https:\/\/parkscorleduyn.com\/nl_nl\/?s={search_term_string}\"},\"query-input\":{\"@type\":\"PropertyValueSpecification\",\"valueRequired\":true,\"valueName\":\"search_term_string\"}}],\"inLanguage\":\"de\"}]}<\/script>\n<!-- \/ Yoast SEO plugin. -->","yoast_head_json":{"title":"Wandern in Schoorl - Park Scorleduyn","robots":{"index":"index","follow":"follow","max-snippet":"max-snippet:-1","max-image-preview":"max-image-preview:large","max-video-preview":"max-video-preview:-1"},"canonical":"https:\/\/parkscorleduyn.com\/de\/wandelen-in-schoorl\/","og_locale":"de_DE","og_type":"article","og_title":"Wandelen in Schoorl - Park Scorleduyn","og_description":"Direct boeken Park Scorleduyn is een fraai gelegen vakantiepark in Schoorl en beschikt over moderne en smaakvol ingerichte luxe vakantiehuizen. Vanuit Park Scorleduyn heeft u de gelegenheid om de prachtige omgeving van Schoorl te ontdekken. Vakantiepark Scorleduyn \u2018Er even heerlijk tussenuit op Park Scorleduyn in Schoorl\u2019 \u2018Er even heerlijk tussenuit op Park Scorleduyn in Schoorl\u2019 Wandelen in SchoorlWandelen in SchoorlWandelen ... Read More","og_url":"https:\/\/parkscorleduyn.com\/de\/wandelen-in-schoorl\/","og_site_name":"Park Scorleduyn","article_modified_time":"2025-10-23T12:18:33+00:00","og_image":[{"url":"https:\/\/parkscorleduyn.com\/wp-content\/uploads\/2020\/04\/Omgeving-content-wandelen.png","type":"","width":"","height":""}],"twitter_card":"summary_large_image","twitter_misc":{"Gesch\u00e4tzte Lesezeit":"7\u00a0Minuten"},"schema":{"@context":"https:\/\/schema.org","@graph":[{"@type":"WebPage","@id":"https:\/\/parkscorleduyn.com\/nl_nl\/wandelen-in-schoorl\/","url":"https:\/\/parkscorleduyn.com\/nl_nl\/wandelen-in-schoorl\/","name":"Wandern in Schoorl - Park Scorleduyn","isPartOf":{"@id":"https:\/\/parkscorleduyn.com\/nl_nl\/#website"},"primaryImageOfPage":{"@id":"https:\/\/parkscorleduyn.com\/nl_nl\/wandelen-in-schoorl\/#primaryimage"},"image":{"@id":"https:\/\/parkscorleduyn.com\/nl_nl\/wandelen-in-schoorl\/#primaryimage"},"thumbnailUrl":"https:\/\/parkscorleduyn.com\/wp-content\/uploads\/2020\/04\/Omgeving-content-wandelen.png","datePublished":"2020-04-08T12:47:55+00:00","dateModified":"2025-10-23T12:18:33+00:00","breadcrumb":{"@id":"https:\/\/parkscorleduyn.com\/nl_nl\/wandelen-in-schoorl\/#breadcrumb"},"inLanguage":"de","potentialAction":[{"@type":"ReadAction","target":["https:\/\/parkscorleduyn.com\/nl_nl\/wandelen-in-schoorl\/"]}]},{"@type":"ImageObject","inLanguage":"de","@id":"https:\/\/parkscorleduyn.com\/nl_nl\/wandelen-in-schoorl\/#primaryimage","url":"https:\/\/parkscorleduyn.com\/wp-content\/uploads\/2020\/04\/Omgeving-content-wandelen.png","contentUrl":"https:\/\/parkscorleduyn.com\/wp-content\/uploads\/2020\/04\/Omgeving-content-wandelen.png"},{"@type":"BreadcrumbList","@id":"https:\/\/parkscorleduyn.com\/nl_nl\/wandelen-in-schoorl\/#breadcrumb","itemListElement":[{"@type":"ListItem","position":1,"name":"Home","item":"https:\/\/parkscorleduyn.com\/nl_nl\/"},{"@type":"ListItem","position":2,"name":"Wandelen in Schoorl"}]},{"@type":"WebSite","@id":"https:\/\/parkscorleduyn.com\/nl_nl\/#website","url":"https:\/\/parkscorleduyn.com\/nl_nl\/","name":"Park Scorleduyn","description":"Exklusive D\u00fcnenh\u00e4user","potentialAction":[{"@type":"SearchAction","target":{"@type":"EntryPoint","urlTemplate":"https:\/\/parkscorleduyn.com\/nl_nl\/?s={search_term_string}"},"query-input":{"@type":"PropertyValueSpecification","valueRequired":true,"valueName":"search_term_string"}}],"inLanguage":"de"}]}},"_links":{"self":[{"href":"https:\/\/parkscorleduyn.com\/de\/wp-json\/wp\/v2\/pages\/481","targetHints":{"allow":["GET"]}}],"collection":[{"href":"https:\/\/parkscorleduyn.com\/de\/wp-json\/wp\/v2\/pages"}],"about":[{"href":"https:\/\/parkscorleduyn.com\/de\/wp-json\/wp\/v2\/types\/page"}],"author":[{"embeddable":true,"href":"https:\/\/parkscorleduyn.com\/de\/wp-json\/wp\/v2\/users\/2"}],"replies":[{"embeddable":true,"href":"https:\/\/parkscorleduyn.com\/de\/wp-json\/wp\/v2\/comments?post=481"}],"version-history":[{"count":6,"href":"https:\/\/parkscorleduyn.com\/de\/wp-json\/wp\/v2\/pages\/481\/revisions"}],"predecessor-version":[{"id":914,"href":"https:\/\/parkscorleduyn.com\/de\/wp-json\/wp\/v2\/pages\/481\/revisions\/914"}],"wp:attachment":[{"href":"https:\/\/parkscorleduyn.com\/de\/wp-json\/wp\/v2\/media?parent=481"}],"curies":[{"name":"wp","href":"https:\/\/api.w.org\/{rel}","templated":true}]}}