{"id":418,"date":"2020-04-08T07:34:14","date_gmt":"2020-04-08T07:34:14","guid":{"rendered":"https:\/\/parkscorleduyn.com\/?page_id=418"},"modified":"2020-05-20T12:29:30","modified_gmt":"2020-05-20T12:29:30","slug":"omgeving","status":"publish","type":"page","link":"https:\/\/parkscorleduyn.com\/de\/omgeving\/","title":{"rendered":"Umfeld"},"content":{"rendered":"<div id=\"cs-content\" class=\"cs-content\"><\/div>","protected":false},"excerpt":{"rendered":"<p>Ferienpark Scorleduyn Park Scorleduyn ist ein wundersch\u00f6n gelegener Ferienpark in Schoorl und bietet moderne und geschmackvoll eingerichtete Luxusferienh\u00e4user. Vom Park Scorleduyn aus haben Sie die M\u00f6glichkeit, die wundersch\u00f6ne Umgebung von Schoorl zu entdecken. Jetzt buchen Park Scorleduyn ist ein wundersch\u00f6n gelegener Ferienpark in Schoorl und bietet moderne und geschmackvoll eingerichtete Luxusferienh\u00e4user. Vom Park Scorleduyn haben Sie ... <a href=\"https:\/\/parkscorleduyn.com\/de\/omgeving\/\" class=\"more-link\">Weiterlesen<\/a><\/p>","protected":false},"author":2,"featured_media":0,"parent":0,"menu_order":0,"comment_status":"closed","ping_status":"closed","template":"template-blank-4.php","meta":{"rs_blank_template":"","rs_page_bg_color":"#ffffff","slide_template_v7":"","footnotes":""},"class_list":["post-418","page","type-page","status-publish","hentry","no-post-thumbnail"],"yoast_head":"<!-- This site is optimized with the Yoast SEO plugin v27.2 - https:\/\/yoast.com\/product\/yoast-seo-wordpress\/ -->\n<title>Omgeving - Park Scorleduyn<\/title>\n<meta name=\"robots\" content=\"index, follow, max-snippet:-1, max-image-preview:large, max-video-preview:-1\" \/>\n<link rel=\"canonical\" href=\"https:\/\/parkscorleduyn.com\/de\/umfeld\/\" \/>\n<meta property=\"og:locale\" content=\"de_DE\" \/>\n<meta property=\"og:type\" content=\"article\" \/>\n<meta property=\"og:title\" content=\"Omgeving - Park Scorleduyn\" \/>\n<meta property=\"og:description\" content=\"Vakantiepark Scorleduyn Park Scorleduyn is een fraai gelegen vakantiepark in Schoorl en beschikt over moderne en smaakvol ingerichte luxe vakantiehuizen. Vanuit Park Scorleduyn heeft u de gelegenheid om de prachtige omgeving van Schoorl te ontdekken. Direct boeken Park Scorleduyn is een fraai gelegen vakantiepark in Schoorl en beschikt over moderne en smaakvol ingerichte luxe vakantiehuizen. Vanuit Park Scorleduyn heeft u ... Read More\" \/>\n<meta property=\"og:url\" content=\"https:\/\/parkscorleduyn.com\/de\/umfeld\/\" \/>\n<meta property=\"og:site_name\" content=\"Park Scorleduyn\" \/>\n<meta property=\"article:modified_time\" content=\"2020-05-20T12:29:30+00:00\" \/>\n<meta property=\"og:image\" content=\"https:\/\/parkscorleduyn.com\/wp-content\/uploads\/2020\/04\/Home10-Scorleduyn-impressie-grid.jpg\" \/>\n<meta name=\"twitter:card\" content=\"summary_large_image\" \/>\n<meta name=\"twitter:label1\" content=\"Gesch\u00e4tzte Lesezeit\" \/>\n\t<meta name=\"twitter:data1\" content=\"16\u00a0Minuten\" \/>\n<script type=\"application\/ld+json\" class=\"yoast-schema-graph\">{\"@context\":\"https:\/\/schema.org\",\"@graph\":[{\"@type\":\"WebPage\",\"@id\":\"https:\/\/parkscorleduyn.com\/de\/umfeld\/\",\"url\":\"https:\/\/parkscorleduyn.com\/de\/umfeld\/\",\"name\":\"Omgeving - Park Scorleduyn\",\"isPartOf\":{\"@id\":\"https:\/\/parkscorleduyn.com\/nl_nl\/#website\"},\"primaryImageOfPage\":{\"@id\":\"https:\/\/parkscorleduyn.com\/de\/umfeld\/#primaryimage\"},\"image\":{\"@id\":\"https:\/\/parkscorleduyn.com\/de\/umfeld\/#primaryimage\"},\"thumbnailUrl\":\"https:\/\/parkscorleduyn.com\/wp-content\/uploads\/2020\/04\/Home10-Scorleduyn-impressie-grid.jpg\",\"datePublished\":\"2020-04-08T07:34:14+00:00\",\"dateModified\":\"2020-05-20T12:29:30+00:00\",\"breadcrumb\":{\"@id\":\"https:\/\/parkscorleduyn.com\/de\/umfeld\/#breadcrumb\"},\"inLanguage\":\"de\",\"potentialAction\":[{\"@type\":\"ReadAction\",\"target\":[\"https:\/\/parkscorleduyn.com\/de\/umfeld\/\"]}]},{\"@type\":\"ImageObject\",\"inLanguage\":\"de\",\"@id\":\"https:\/\/parkscorleduyn.com\/de\/umfeld\/#primaryimage\",\"url\":\"https:\/\/parkscorleduyn.com\/wp-content\/uploads\/2020\/04\/Home10-Scorleduyn-impressie-grid.jpg\",\"contentUrl\":\"https:\/\/parkscorleduyn.com\/wp-content\/uploads\/2020\/04\/Home10-Scorleduyn-impressie-grid.jpg\"},{\"@type\":\"BreadcrumbList\",\"@id\":\"https:\/\/parkscorleduyn.com\/de\/umfeld\/#breadcrumb\",\"itemListElement\":[{\"@type\":\"ListItem\",\"position\":1,\"name\":\"Home\",\"item\":\"https:\/\/parkscorleduyn.com\/nl_nl\/\"},{\"@type\":\"ListItem\",\"position\":2,\"name\":\"Omgeving\"}]},{\"@type\":\"WebSite\",\"@id\":\"https:\/\/parkscorleduyn.com\/nl_nl\/#website\",\"url\":\"https:\/\/parkscorleduyn.com\/nl_nl\/\",\"name\":\"Park Scorleduyn\",\"description\":\"Exclusieve duinwoningen\",\"potentialAction\":[{\"@type\":\"SearchAction\",\"target\":{\"@type\":\"EntryPoint\",\"urlTemplate\":\"https:\/\/parkscorleduyn.com\/nl_nl\/?s={search_term_string}\"},\"query-input\":{\"@type\":\"PropertyValueSpecification\",\"valueRequired\":true,\"valueName\":\"search_term_string\"}}],\"inLanguage\":\"de\"}]}<\/script>\n<!-- \/ Yoast SEO plugin. -->","yoast_head_json":{"title":"Umgebung - Park Scorleduyn","robots":{"index":"index","follow":"follow","max-snippet":"max-snippet:-1","max-image-preview":"max-image-preview:large","max-video-preview":"max-video-preview:-1"},"canonical":"https:\/\/parkscorleduyn.com\/de\/umfeld\/","og_locale":"de_DE","og_type":"article","og_title":"Omgeving - Park Scorleduyn","og_description":"Vakantiepark Scorleduyn Park Scorleduyn is een fraai gelegen vakantiepark in Schoorl en beschikt over moderne en smaakvol ingerichte luxe vakantiehuizen. Vanuit Park Scorleduyn heeft u de gelegenheid om de prachtige omgeving van Schoorl te ontdekken. Direct boeken Park Scorleduyn is een fraai gelegen vakantiepark in Schoorl en beschikt over moderne en smaakvol ingerichte luxe vakantiehuizen. Vanuit Park Scorleduyn heeft u ... Read More","og_url":"https:\/\/parkscorleduyn.com\/de\/umfeld\/","og_site_name":"Park Scorleduyn","article_modified_time":"2020-05-20T12:29:30+00:00","og_image":[{"url":"https:\/\/parkscorleduyn.com\/wp-content\/uploads\/2020\/04\/Home10-Scorleduyn-impressie-grid.jpg","type":"","width":"","height":""}],"twitter_card":"summary_large_image","twitter_misc":{"Gesch\u00e4tzte Lesezeit":"16\u00a0Minuten"},"schema":{"@context":"https:\/\/schema.org","@graph":[{"@type":"WebPage","@id":"https:\/\/parkscorleduyn.com\/de\/umfeld\/","url":"https:\/\/parkscorleduyn.com\/de\/umfeld\/","name":"Umgebung - Park Scorleduyn","isPartOf":{"@id":"https:\/\/parkscorleduyn.com\/nl_nl\/#website"},"primaryImageOfPage":{"@id":"https:\/\/parkscorleduyn.com\/de\/umfeld\/#primaryimage"},"image":{"@id":"https:\/\/parkscorleduyn.com\/de\/umfeld\/#primaryimage"},"thumbnailUrl":"https:\/\/parkscorleduyn.com\/wp-content\/uploads\/2020\/04\/Home10-Scorleduyn-impressie-grid.jpg","datePublished":"2020-04-08T07:34:14+00:00","dateModified":"2020-05-20T12:29:30+00:00","breadcrumb":{"@id":"https:\/\/parkscorleduyn.com\/de\/umfeld\/#breadcrumb"},"inLanguage":"de","potentialAction":[{"@type":"ReadAction","target":["https:\/\/parkscorleduyn.com\/de\/umfeld\/"]}]},{"@type":"ImageObject","inLanguage":"de","@id":"https:\/\/parkscorleduyn.com\/de\/umfeld\/#primaryimage","url":"https:\/\/parkscorleduyn.com\/wp-content\/uploads\/2020\/04\/Home10-Scorleduyn-impressie-grid.jpg","contentUrl":"https:\/\/parkscorleduyn.com\/wp-content\/uploads\/2020\/04\/Home10-Scorleduyn-impressie-grid.jpg"},{"@type":"BreadcrumbList","@id":"https:\/\/parkscorleduyn.com\/de\/umfeld\/#breadcrumb","itemListElement":[{"@type":"ListItem","position":1,"name":"Home","item":"https:\/\/parkscorleduyn.com\/nl_nl\/"},{"@type":"ListItem","position":2,"name":"Omgeving"}]},{"@type":"WebSite","@id":"https:\/\/parkscorleduyn.com\/nl_nl\/#website","url":"https:\/\/parkscorleduyn.com\/nl_nl\/","name":"Park Scorleduyn","description":"Exklusive D\u00fcnenh\u00e4user","potentialAction":[{"@type":"SearchAction","target":{"@type":"EntryPoint","urlTemplate":"https:\/\/parkscorleduyn.com\/nl_nl\/?s={search_term_string}"},"query-input":{"@type":"PropertyValueSpecification","valueRequired":true,"valueName":"search_term_string"}}],"inLanguage":"de"}]}},"_links":{"self":[{"href":"https:\/\/parkscorleduyn.com\/de\/wp-json\/wp\/v2\/pages\/418","targetHints":{"allow":["GET"]}}],"collection":[{"href":"https:\/\/parkscorleduyn.com\/de\/wp-json\/wp\/v2\/pages"}],"about":[{"href":"https:\/\/parkscorleduyn.com\/de\/wp-json\/wp\/v2\/types\/page"}],"author":[{"embeddable":true,"href":"https:\/\/parkscorleduyn.com\/de\/wp-json\/wp\/v2\/users\/2"}],"replies":[{"embeddable":true,"href":"https:\/\/parkscorleduyn.com\/de\/wp-json\/wp\/v2\/comments?post=418"}],"version-history":[{"count":0,"href":"https:\/\/parkscorleduyn.com\/de\/wp-json\/wp\/v2\/pages\/418\/revisions"}],"wp:attachment":[{"href":"https:\/\/parkscorleduyn.com\/de\/wp-json\/wp\/v2\/media?parent=418"}],"curies":[{"name":"wp","href":"https:\/\/api.w.org\/{rel}","templated":true}]}}