{"id":510,"date":"2020-04-08T15:00:49","date_gmt":"2020-04-08T15:00:49","guid":{"rendered":"https:\/\/parkscorleduyn.com\/?page_id=510"},"modified":"2025-10-23T12:20:37","modified_gmt":"2025-10-23T12:20:37","slug":"klimduin-schoorl","status":"publish","type":"page","link":"http:\/\/parkscorleduyn.com\/de\/klimduin-schoorl\/","title":{"rendered":"Kletterd\u00fcne Schoorl"},"content":{"rendered":"<div id=\"cs-content\" class=\"cs-content\"><div class=\"x-section e510-e1 me6-0 me6-1 me6-2\"><div class=\"x-row e510-e2 me6-6 me6-7 me6-8\"><div class=\"x-row-inner\"><div class=\"x-col e510-e3 me6-i\">\n\t\t\t\t<p class=\"rs-p-wp-fix\"><\/p>\n\t\t\t\t<sr7-module data-alias=\"slider-duinen-1\" data-id=\"17\" id=\"SR7_17_1\" data-version=\"7.0.6\">\n\t\t\t\t\t<sr7-adjuster><\/sr7-adjuster>\n\t\t\t\t\t<sr7-content>\n\t\t\t\t\t\t<sr7-slide id=\"SR7_17_1-28\" data-key=\"28\">\n\t\t\t\t\t\t\t<sr7-bg id=\"SR7_17_1-28-27\" class=\"sr7-layer\"><noscript><img decoding=\"async\" src=\"https:\/\/parkscorleduyn.com\/wp-content\/uploads\/2020\/04\/header-klimduin-03-2480x1000-Scorleduyn.jpg\" alt=\"\" title=\"header klimduin 03 &#8211; 2480&#215;1000 &#8211; Scorleduyn\"><\/noscript><\/sr7-bg>\n\t\t\t\t\t\t\t<a id=\"SR7_17_1-28-23\" class=\"sr7-layer\" href=\"https:\/\/www.dormio.nl\/resorts-hotels\/dormio-park-scorleduyn?utm_campaign=WL_Scorleduyn\" target=\"_blank\" rel=\"nofollow noopener\">Direct boeken<\/a>\n\t\t\t\t\t\t\t<sr7-txt id=\"SR7_17_1-28-24\" class=\"sr7-layer\">Park Scorleduyn is een fraai gelegen vakantiepark in Schoorl en beschikt over moderne en smaakvol ingerichte luxe vakantiehuizen. Vanuit Park Scorleduyn heeft u de gelegenheid om de prachtige omgeving van Schoorl te ontdekken.<\/sr7-txt>\n\t\t\t\t\t\t\t<sr7-txt id=\"SR7_17_1-28-25\" class=\"sr7-layer\">Vakantiepark Scorleduyn<br \/>\n<\/sr7-txt>\n\t\t\t\t\t\t<\/sr7-slide>\n\t\t\t\t\t\t<sr7-slide id=\"SR7_17_1-39\" data-key=\"39\">\n\t\t\t\t\t\t<\/sr7-slide>\n\t\t\t\t\t<\/sr7-content>\n\t\t\t\t\t<image_lists style=\"display:none\">\n\t\t\t\t\t\t<img data-src=\"\/\/parkscorleduyn.com\/wp-content\/uploads\/revslider\/o\/17\/677ae77dae7eb396812fbcbb9c437053.webp\" data-libid=\"615\" data-lib=\"medialibrary\" title=\"header klimduin 03 &#8211; 2480&#215;1000 &#8211; Scorleduyn\" width=\"0\" height=\"0\" data-dbsrc=\"Ly9wYXJrc2NvcmxlZHV5bi5jb20vd3AtY29udGVudC91cGxvYWRzLzIwMjAvMDQvaGVhZGVyLWtsaW1kdWluLTAzLTI0ODB4MTAwMC1TY29ybGVkdXluLmpwZw==\"\/>\n\t\t\t\t\t<\/image_lists>\n\t\t\t\t<\/sr7-module>\n\t\t\t\t<script>\n\t\t\t\t\twindow.SR7??={}; SR7.PMH ??={}; SR7.PMH[\"SR7_17_1\"] = {cn:100,state:false,fn: function() { if (window._tpt!==undefined && window._tpt.prepareModuleHeight !== undefined) {  _tpt.prepareModuleHeight({id:\"SR7_17_1\",el:[600,600,568,560,520],type:'standard',gh:[600,600,568,560,520],gw:[1240,1240,1024,778,480],vpt:['-200px&#039;,&#039;-200px&#039;,&#039;-200px&#039;,&#039;-200px&#039;,&#039;-200px'],size:{fullWidth:false, fullHeight:false},mh:'0',onh:0,onw:0,bg:{color:'{\"orig\":\"transparent\",\"type\":\"solid\",\"string\":\"transparent\"}'},plType:'0',plColor:'#FFFFFF'});   SR7.PMH[\"SR7_17_1\"].state=true;} else if(SR7.PMH[\"SR7_17_1\"].cn-->0)\tsetTimeout( SR7.PMH[\"SR7_17_1\"].fn,19);}};SR7.PMH[\"SR7_17_1\" ].fn();\n\t\t\t\t<\/script>\n<\/div><\/div><\/div><\/div><div class=\"x-section x-hide-lg x-hide-md x-hide-xl e510-e5 me6-0 me6-1 me6-2 me6-3\"><div class=\"x-row e510-e6 me6-6 me6-7 me6-9\"><div class=\"x-row-inner\"><div class=\"x-col e510-e7 me6-i me6-j\"><div id=\"\" class=\"x-text cs-ta-center\" style=\"margin-bottom:-50px;\" ><link href=\"https:\/\/fonts.googleapis.com\/css2?family=Shadows+Into+Light&display=swap\" rel=\"stylesheet\">\n<h2 style=\"font-family: 'Shadows Into Light', cursive;  color:#ffffff; margin-top:-5px;\">\u2018Er even heerlijk tussenuit op Park Scorleduyn in Schoorl\u2019<\/p>\n<h2>\n<\/div><\/div><\/div><\/div><\/div><div class=\"x-section x-hide-sm x-hide-xs e510-e9 me6-0 me6-1 me6-2 me6-3\"><div class=\"x-row e510-e10 me6-6 me6-7 me6-a\"><div class=\"x-row-inner\"><div class=\"x-col e510-e11 me6-i me6-j\"><hr class=\"x-line e510-e12 me6-k me6-l\"\/><div id=\"\" class=\"x-text cs-ta-center\" style=\"\" ><link href=\"https:\/\/fonts.googleapis.com\/css2?family=Shadows+Into+Light&display=swap\" rel=\"stylesheet\">\n<h2 style=\"font-family: 'Shadows Into Light', cursive;  color:#ffffff; margin-top:-5px;\">\u2018Er even heerlijk tussenuit op Park Scorleduyn in Schoorl\u2019<\/p>\n<h2>\n<\/div><\/div><\/div><\/div><\/div><div class=\"x-section e510-e14 me6-2 me6-4\"><div class=\"x-row x-container max width x-hide-sm x-hide-xs e510-e15 me6-6 me6-7 me6-b\"><div class=\"x-row-inner\"><div class=\"x-col e510-e16 me6-i\"><h2  class=\"h-custom-headline cs-ta-center h3\" ><span>Klimduin Schoorl<\/span><\/h2><\/div><\/div><\/div><div class=\"x-row x-container max width x-hide-lg x-hide-md x-hide-xl e510-e18 me6-6 me6-7 me6-c\"><div class=\"x-row-inner\"><div class=\"x-col e510-e19 me6-i\"><h2  class=\"h-custom-headline cs-ta-left h3\" ><span>Klimduin Schoorl<\/span><\/h2><\/div><\/div><\/div><div class=\"x-row x-container max width e510-e21 me6-6 me6-7 me6-d\"><div class=\"x-row-inner\"><div class=\"x-col e510-e22 me6-i\"><hr class=\"x-line e510-e23 me6-l me6-m\"\/><div  class=\"x-columnize\" >Wist u dat Schoorl het breedste duingebied van Nederland heeft? De meest bijzondere duin bevindt zich middenin het gezellige centrum van het dorp. Terwijl ouders met een drankje toekijken vanaf het terras, spelen kinderen op de 51 meter hoge zandberg. Kastelen bouwen, schatgraven of een wedstrijdje naar boven, en weer naar beneden\u2026 Het klimduin is ook een ideaal startpunt voor een wandeltocht, want het sluit rechtstreeks aan op een uitgebreid duin- en bosgebied.<\/div><\/div><\/div><\/div><\/div><div class=\"x-section e510-e25 me6-1 me6-2 me6-5\" style=\"border: solid 1px #ededed\" id=\"footer\"><div class=\"x-row x-container max width e510-e26 me6-6 me6-7 me6-e\"><div class=\"x-row-inner\"><div class=\"x-col e510-e27 me6-i\"><h2  class=\"h-custom-headline cs-ta-center h3\" style=\"color: hsl(0, 0%, 0%);margin-top: 0px;\"><span>Contact<\/span><\/h2><hr  class=\"x-gap\" style=\"margin: 20px 0 0 0;\"><\/div><\/div><\/div><div class=\"x-row x-container max width e510-e30 me6-6 me6-7 me6-f\"><div class=\"x-row-inner\"><div class=\"x-col e510-e31 me6-i\"><div id=\"\" class=\"x-text cs-ta-center\" style=\"\" ><p><span style=\"color: #000000;\"><b>Adres<\/b><br \/>\nVakantiepark Scorleduyn<br \/>\nOorsprongweg 8<br \/>\n1871 HA Schoorl<\/p>\n<\/div><hr  class=\"x-gap\" style=\"margin: 20px 0 0 0;\"><\/div><div class=\"x-col e510-e34 me6-i\"><div id=\"\" class=\"x-text cs-ta-center\" style=\"\" ><p><span style=\"color: #000000;\"><b>E-mail<\/b> <br \/><\/span><span style=\"color: #bead91;\"><a href=\"mailto:receptie@parkscorleduyn.com\" style=\"color: #bead91;\">receptie@parkscorleduyn.com<\/a><\/span><\/p>\n<\/div><hr  class=\"x-gap\" style=\"margin: 20px 0 0 0;\"><\/div><div class=\"x-col e510-e37 me6-i\"><div id=\"\" class=\"x-text cs-ta-center\" style=\"\" ><p><span style=\"color: #000000;\"><b>Telefoonnummer<\/b><br \/><a href=\"tel:31725092528\">+31 (0)72 509 2528<\/a><\/span><\/p>\n<\/div><hr  class=\"x-gap\" style=\"margin: 20px 0 0 0;\"><\/div><\/div><\/div><div class=\"x-row x-container max width e510-e40 me6-6 me6-7 me6-g\"><div class=\"x-row-inner\"><div class=\"x-col e510-e41 me6-i\"><div id=\"\" class=\"x-text cs-ta-center\" style=\"\" ><p><span style=\"color: #000000;\"><b>Privacy<\/b><br \/>\n<a href=\"https:\/\/parkscorleduyn.com\/wp-content\/uploads\/2024\/05\/Algemene-Voorwaarden-Dormio-Resorts-Hotels-2024.02-Buitenhuis-beheerverhuur.pdf\" target=\"_blank\" rel=\"noopener\">Algemene voorwaarden<\/a><br \/>\n<a href=\"https:\/\/parkscorleduyn.com\/cookie-beleid-en-disclaimer\/#cookie\">Cookie beleid<\/a><br \/>\n<a href=\"https:\/\/parkscorleduyn.com\/cookie-beleid-en-disclaimer\/#disclaimer\">Disclaimer<\/a><\/span><\/p>\n<\/div><\/div><div class=\"x-col e510-e43 me6-i me6-j\"><div id=\"\" class=\"x-text cs-ta-center\" style=\"margin-bottom:-30px;\" ><p><span style=\"color: #000000;\"><b>Volg ons op social media:<\/b><br \/>\n<\/span><\/p>\n<\/div><a class=\"x-anchor x-anchor-button has-graphic e510-e45 me6-n\" tabindex=\"0\" href=\"https:\/\/www.facebook.com\/Park-Scorleduyn-329747883715972\" target=\"_blank\" rel=\"noopener noreferrer\"><div class=\"x-anchor-content\"><span class=\"x-graphic\" aria-hidden=\"true\"><i class=\"x-icon x-graphic-child x-graphic-icon x-graphic-primary\" aria-hidden=\"true\" data-x-icon-b=\"&#xf082;\"><\/i><\/span><\/div><\/a><\/div><div class=\"x-col e510-e46 me6-i me6-j\"><a class=\"x-image e510-e47 me6-o\" href=\"https:\/\/www.zoover.nl\/nederland\/noord-holland\/schoorl-groet\/park-scorleduyn\/vakantiepark\" target=\"_blank\" rel=\"noopener noreferrer\"><img decoding=\"async\" src=\"https:\/\/parkscorleduyn.com\/wp-content\/uploads\/2020\/04\/zoover-logo.png\" width=\"185\" height=\"65\" alt=\"Image\" loading=\"lazy\"><\/a><div id=\"\" class=\"x-text cs-ta-center\" style=\"margin-bottom:-30px; margin-top:10px;\" ><p><span style=\"color: #000000;\"><b>Beoordeelde ons met een <a href=\"https:\/\/www.zoover.nl\/nederland\/noord-holland\/schoorl-groet\/park-scorleduyn\/vakantiepark\" target=\"_blank\" rel=\"noopener\">8.1<\/a><\/b><br \/>\n<\/span><\/p>\n<\/div><hr  class=\"x-gap\" style=\"margin: 50px 0 0 0;\"><\/div><\/div><\/div><div class=\"x-row e510-e50 me6-6 me6-7 me6-h margin-bottom: -45px;\"><div class=\"x-row-inner\"><div class=\"x-col e510-e51 me6-i afzender\"><hr  class=\"x-gap\" style=\"margin: 20px 0 0 0;\"><div id=\"\" class=\"x-text cs-ta-center\" style=\"font-size:13px; margin-bottom: -10px;\" ><p><a href=\"https:\/\/parkscorleduyn.com\/nl_nl\/privacyverklaring\/\">Privacyverklaring<\/a> | <a href=\"https:\/\/parkscorleduyn.com\/nl_nl\/colofon\/\">Colofon<\/a><\/p>\n<\/div><div id=\"\" class=\"x-text cs-ta-center\" style=\"font-size:13px;\" ><p>ONTWERP EN REALISATIE DOOR <a href=\"https:\/\/desitebuilders.nl\/\" title=\"D\u00c9 SITE BUILDERS\" rel=\"nofollow\">D\u00c9 SITE BUILDERS<\/a><\/p>\n<\/div><\/div><\/div><\/div><\/div><\/div>\n","protected":false},"excerpt":{"rendered":"<p>Direkt buchen Park Scorleduyn ist ein wundersch\u00f6n gelegener Ferienpark in Schoorl und verf\u00fcgt \u00fcber moderne und geschmackvoll eingerichtete Luxusferienh\u00e4user. Vom Park Scorleduyn aus haben Sie die M\u00f6glichkeit, die sch\u00f6ne Umgebung von Schoorl zu entdecken. Ferienpark Scorleduyn &#039;Eine sch\u00f6ne Pause im Park Scorleduyn in Schoorl&#039; &#039;Eine sch\u00f6ne Pause im Park Scorleduyn in Schoorl&#039; Kletterd\u00fcne SchoorlKlimduin SchoorlWussten Sie schon\u2026 <a href=\"http:\/\/parkscorleduyn.com\/de\/klimduin-schoorl\/\" class=\"more-link\">Weiterlesen<\/a><\/p>","protected":false},"author":2,"featured_media":0,"parent":0,"menu_order":0,"comment_status":"closed","ping_status":"closed","template":"template-blank-4.php","meta":{"rs_blank_template":"","rs_page_bg_color":"#ffffff","slide_template_v7":"","footnotes":""},"class_list":["post-510","page","type-page","status-publish","hentry","no-post-thumbnail"],"yoast_head":"<!-- This site is optimized with the Yoast SEO plugin v27.2 - https:\/\/yoast.com\/product\/yoast-seo-wordpress\/ -->\n<title>Klimduin Schoorl - Park Scorleduyn<\/title>\n<meta name=\"robots\" content=\"index, follow, max-snippet:-1, max-image-preview:large, max-video-preview:-1\" \/>\n<link rel=\"canonical\" href=\"https:\/\/parkscorleduyn.com\/de\/klimduin-schoorl\/\" \/>\n<meta property=\"og:locale\" content=\"de_DE\" \/>\n<meta property=\"og:type\" content=\"article\" \/>\n<meta property=\"og:title\" content=\"Klimduin Schoorl - Park Scorleduyn\" \/>\n<meta property=\"og:description\" content=\"Direct boeken Park Scorleduyn is een fraai gelegen vakantiepark in Schoorl en beschikt over moderne en smaakvol ingerichte luxe vakantiehuizen. Vanuit Park Scorleduyn heeft u de gelegenheid om de prachtige omgeving van Schoorl te ontdekken. Vakantiepark Scorleduyn \u2018Er even heerlijk tussenuit op Park Scorleduyn in Schoorl\u2019 \u2018Er even heerlijk tussenuit op Park Scorleduyn in Schoorl\u2019 Klimduin SchoorlKlimduin SchoorlWist u dat ... Read More\" \/>\n<meta property=\"og:url\" content=\"https:\/\/parkscorleduyn.com\/de\/klimduin-schoorl\/\" \/>\n<meta property=\"og:site_name\" content=\"Park Scorleduyn\" \/>\n<meta property=\"article:modified_time\" content=\"2025-10-23T12:20:37+00:00\" \/>\n<meta name=\"twitter:card\" content=\"summary_large_image\" \/>\n<meta name=\"twitter:label1\" content=\"Gesch\u00e4tzte Lesezeit\" \/>\n\t<meta name=\"twitter:data1\" content=\"3\u00a0Minuten\" \/>\n<script type=\"application\/ld+json\" class=\"yoast-schema-graph\">{\"@context\":\"https:\/\/schema.org\",\"@graph\":[{\"@type\":\"WebPage\",\"@id\":\"https:\/\/parkscorleduyn.com\/nl_nl\/klimduin-schoorl\/\",\"url\":\"https:\/\/parkscorleduyn.com\/nl_nl\/klimduin-schoorl\/\",\"name\":\"Klimduin Schoorl - Park Scorleduyn\",\"isPartOf\":{\"@id\":\"https:\/\/parkscorleduyn.com\/nl_nl\/#website\"},\"datePublished\":\"2020-04-08T15:00:49+00:00\",\"dateModified\":\"2025-10-23T12:20:37+00:00\",\"breadcrumb\":{\"@id\":\"https:\/\/parkscorleduyn.com\/nl_nl\/klimduin-schoorl\/#breadcrumb\"},\"inLanguage\":\"de\",\"potentialAction\":[{\"@type\":\"ReadAction\",\"target\":[\"https:\/\/parkscorleduyn.com\/nl_nl\/klimduin-schoorl\/\"]}]},{\"@type\":\"BreadcrumbList\",\"@id\":\"https:\/\/parkscorleduyn.com\/nl_nl\/klimduin-schoorl\/#breadcrumb\",\"itemListElement\":[{\"@type\":\"ListItem\",\"position\":1,\"name\":\"Home\",\"item\":\"https:\/\/parkscorleduyn.com\/nl_nl\/\"},{\"@type\":\"ListItem\",\"position\":2,\"name\":\"Klimduin Schoorl\"}]},{\"@type\":\"WebSite\",\"@id\":\"https:\/\/parkscorleduyn.com\/nl_nl\/#website\",\"url\":\"https:\/\/parkscorleduyn.com\/nl_nl\/\",\"name\":\"Park Scorleduyn\",\"description\":\"Exclusieve duinwoningen\",\"potentialAction\":[{\"@type\":\"SearchAction\",\"target\":{\"@type\":\"EntryPoint\",\"urlTemplate\":\"https:\/\/parkscorleduyn.com\/nl_nl\/?s={search_term_string}\"},\"query-input\":{\"@type\":\"PropertyValueSpecification\",\"valueRequired\":true,\"valueName\":\"search_term_string\"}}],\"inLanguage\":\"de\"}]}<\/script>\n<!-- \/ Yoast SEO plugin. -->","yoast_head_json":{"title":"Kletterd\u00fcne Schoorl - Park Scorleduyn","robots":{"index":"index","follow":"follow","max-snippet":"max-snippet:-1","max-image-preview":"max-image-preview:large","max-video-preview":"max-video-preview:-1"},"canonical":"https:\/\/parkscorleduyn.com\/de\/klimduin-schoorl\/","og_locale":"de_DE","og_type":"article","og_title":"Klimduin Schoorl - Park Scorleduyn","og_description":"Direct boeken Park Scorleduyn is een fraai gelegen vakantiepark in Schoorl en beschikt over moderne en smaakvol ingerichte luxe vakantiehuizen. Vanuit Park Scorleduyn heeft u de gelegenheid om de prachtige omgeving van Schoorl te ontdekken. Vakantiepark Scorleduyn \u2018Er even heerlijk tussenuit op Park Scorleduyn in Schoorl\u2019 \u2018Er even heerlijk tussenuit op Park Scorleduyn in Schoorl\u2019 Klimduin SchoorlKlimduin SchoorlWist u dat ... Read More","og_url":"https:\/\/parkscorleduyn.com\/de\/klimduin-schoorl\/","og_site_name":"Park Scorleduyn","article_modified_time":"2025-10-23T12:20:37+00:00","twitter_card":"summary_large_image","twitter_misc":{"Gesch\u00e4tzte Lesezeit":"3\u00a0Minuten"},"schema":{"@context":"https:\/\/schema.org","@graph":[{"@type":"WebPage","@id":"https:\/\/parkscorleduyn.com\/nl_nl\/klimduin-schoorl\/","url":"https:\/\/parkscorleduyn.com\/nl_nl\/klimduin-schoorl\/","name":"Kletterd\u00fcne Schoorl - Park Scorleduyn","isPartOf":{"@id":"https:\/\/parkscorleduyn.com\/nl_nl\/#website"},"datePublished":"2020-04-08T15:00:49+00:00","dateModified":"2025-10-23T12:20:37+00:00","breadcrumb":{"@id":"https:\/\/parkscorleduyn.com\/nl_nl\/klimduin-schoorl\/#breadcrumb"},"inLanguage":"de","potentialAction":[{"@type":"ReadAction","target":["https:\/\/parkscorleduyn.com\/nl_nl\/klimduin-schoorl\/"]}]},{"@type":"BreadcrumbList","@id":"https:\/\/parkscorleduyn.com\/nl_nl\/klimduin-schoorl\/#breadcrumb","itemListElement":[{"@type":"ListItem","position":1,"name":"Home","item":"https:\/\/parkscorleduyn.com\/nl_nl\/"},{"@type":"ListItem","position":2,"name":"Klimduin Schoorl"}]},{"@type":"WebSite","@id":"https:\/\/parkscorleduyn.com\/nl_nl\/#website","url":"https:\/\/parkscorleduyn.com\/nl_nl\/","name":"Park Scorleduyn","description":"Exklusive D\u00fcnenh\u00e4user","potentialAction":[{"@type":"SearchAction","target":{"@type":"EntryPoint","urlTemplate":"https:\/\/parkscorleduyn.com\/nl_nl\/?s={search_term_string}"},"query-input":{"@type":"PropertyValueSpecification","valueRequired":true,"valueName":"search_term_string"}}],"inLanguage":"de"}]}},"_links":{"self":[{"href":"http:\/\/parkscorleduyn.com\/de\/wp-json\/wp\/v2\/pages\/510","targetHints":{"allow":["GET"]}}],"collection":[{"href":"http:\/\/parkscorleduyn.com\/de\/wp-json\/wp\/v2\/pages"}],"about":[{"href":"http:\/\/parkscorleduyn.com\/de\/wp-json\/wp\/v2\/types\/page"}],"author":[{"embeddable":true,"href":"http:\/\/parkscorleduyn.com\/de\/wp-json\/wp\/v2\/users\/2"}],"replies":[{"embeddable":true,"href":"http:\/\/parkscorleduyn.com\/de\/wp-json\/wp\/v2\/comments?post=510"}],"version-history":[{"count":6,"href":"http:\/\/parkscorleduyn.com\/de\/wp-json\/wp\/v2\/pages\/510\/revisions"}],"predecessor-version":[{"id":917,"href":"http:\/\/parkscorleduyn.com\/de\/wp-json\/wp\/v2\/pages\/510\/revisions\/917"}],"wp:attachment":[{"href":"http:\/\/parkscorleduyn.com\/de\/wp-json\/wp\/v2\/media?parent=510"}],"curies":[{"name":"wp","href":"https:\/\/api.w.org\/{rel}","templated":true}]}}