{"id":501,"date":"2020-04-08T14:51:40","date_gmt":"2020-04-08T14:51:40","guid":{"rendered":"https:\/\/parkscorleduyn.com\/?page_id=501"},"modified":"2025-10-23T12:19:30","modified_gmt":"2025-10-23T12:19:30","slug":"schoorlse-duinen","status":"publish","type":"page","link":"http:\/\/parkscorleduyn.com\/de\/schoorlse-duinen\/","title":{"rendered":"D\u00fcnen von Schoorl"},"content":{"rendered":"<div id=\"cs-content\" class=\"cs-content\"><div class=\"x-section e501-e1 mdx-0 mdx-1 mdx-2\"><div class=\"x-row e501-e2 mdx-6 mdx-7 mdx-8 mdx-a mdx-b\"><div class=\"x-row-inner\"><div class=\"x-col e501-e3 mdx-p\">\n\t\t\t\t<p class=\"rs-p-wp-fix\"><\/p>\n\t\t\t\t<sr7-module data-alias=\"slider-fietsen-1\" data-id=\"16\" id=\"SR7_16_1\" data-version=\"7.0.6\">\n\t\t\t\t\t<sr7-adjuster><\/sr7-adjuster>\n\t\t\t\t\t<sr7-content>\n\t\t\t\t\t\t<sr7-slide id=\"SR7_16_1-27\" data-key=\"27\">\n\t\t\t\t\t\t\t<sr7-bg id=\"SR7_16_1-27-27\" class=\"sr7-layer\"><noscript><img decoding=\"async\" src=\"https:\/\/parkscorleduyn.com\/wp-content\/uploads\/2020\/04\/header-duinen-03-2480x1000-Scorleduyn.jpg\" alt=\"\" title=\"header duinen 03 &#8211; 2480&#215;1000 &#8211; Scorleduyn\"><\/noscript><\/sr7-bg>\n\t\t\t\t\t\t\t<a id=\"SR7_16_1-27-23\" class=\"sr7-layer\" href=\"https:\/\/www.dormio.nl\/resorts-hotels\/dormio-park-scorleduyn?utm_campaign=WL_Scorleduyn\" target=\"_blank\" rel=\"nofollow noopener\">Direct boeken<\/a>\n\t\t\t\t\t\t\t<sr7-txt id=\"SR7_16_1-27-24\" class=\"sr7-layer\">Park Scorleduyn is een fraai gelegen vakantiepark in Schoorl en beschikt over moderne en smaakvol ingerichte luxe vakantiehuizen. Vanuit Park Scorleduyn heeft u de gelegenheid om de prachtige omgeving van Schoorl te ontdekken.<\/sr7-txt>\n\t\t\t\t\t\t\t<sr7-txt id=\"SR7_16_1-27-25\" class=\"sr7-layer\">Vakantiepark Scorleduyn<br \/>\n<\/sr7-txt>\n\t\t\t\t\t\t<\/sr7-slide>\n\t\t\t\t\t\t<sr7-slide id=\"SR7_16_1-38\" data-key=\"38\">\n\t\t\t\t\t\t<\/sr7-slide>\n\t\t\t\t\t<\/sr7-content>\n\t\t\t\t\t<image_lists style=\"display:none\">\n\t\t\t\t\t\t<img data-src=\"\/\/parkscorleduyn.com\/wp-content\/uploads\/revslider\/o\/16\/d0a6734b37533c862a21e9bc2cc8b06e.webp\" data-libid=\"612\" data-lib=\"medialibrary\" title=\"header duinen 03 &#8211; 2480&#215;1000 &#8211; Scorleduyn\" width=\"0\" height=\"0\" data-dbsrc=\"Ly9wYXJrc2NvcmxlZHV5bi5jb20vd3AtY29udGVudC91cGxvYWRzLzIwMjAvMDQvaGVhZGVyLWR1aW5lbi0wMy0yNDgweDEwMDAtU2NvcmxlZHV5bi5qcGc=\"\/>\n\t\t\t\t\t<\/image_lists>\n\t\t\t\t<\/sr7-module>\n\t\t\t\t<script>\n\t\t\t\t\twindow.SR7??={}; SR7.PMH ??={}; SR7.PMH[\"SR7_16_1\"] = {cn:100,state:false,fn: function() { if (window._tpt!==undefined && window._tpt.prepareModuleHeight !== undefined) {  _tpt.prepareModuleHeight({id:\"SR7_16_1\",el:[600,600,568,560,520],type:'standard',gh:[600,600,568,560,520],gw:[1240,1240,1024,778,480],vpt:['-200px&#039;,&#039;-200px&#039;,&#039;-200px&#039;,&#039;-200px&#039;,&#039;-200px'],size:{fullWidth:false, fullHeight:false},mh:'0',onh:0,onw:0,bg:{color:'{\"orig\":\"transparent\",\"type\":\"solid\",\"string\":\"transparent\"}'},plType:'0',plColor:'#FFFFFF'});   SR7.PMH[\"SR7_16_1\"].state=true;} else if(SR7.PMH[\"SR7_16_1\"].cn-->0)\tsetTimeout( SR7.PMH[\"SR7_16_1\"].fn,19);}};SR7.PMH[\"SR7_16_1\" ].fn();\n\t\t\t\t<\/script>\n<\/div><\/div><\/div><\/div><div class=\"x-section x-hide-sm x-hide-xs e501-e5 mdx-0 mdx-1 mdx-2 mdx-3\"><div class=\"x-row e501-e6 mdx-6 mdx-7 mdx-8 mdx-a mdx-c\"><div class=\"x-row-inner\"><div class=\"x-col e501-e7 mdx-p mdx-q\"><hr class=\"x-line e501-e8 mdx-r mdx-s\"\/><div id=\"\" class=\"x-text cs-ta-center\" style=\"\" ><link href=\"https:\/\/fonts.googleapis.com\/css2?family=Shadows+Into+Light&display=swap\" rel=\"stylesheet\">\n<h2 style=\"font-family: 'Shadows Into Light', cursive;  color:#ffffff; margin-top:-5px;\">\u2018Er even heerlijk tussenuit op Park Scorleduyn in Schoorl\u2019<\/p>\n<h2>\n<\/div><\/div><\/div><\/div><\/div><div class=\"x-section x-hide-lg x-hide-md x-hide-xl e501-e10 mdx-0 mdx-1 mdx-2 mdx-3\"><div class=\"x-row e501-e11 mdx-6 mdx-7 mdx-8 mdx-a mdx-d\"><div class=\"x-row-inner\"><div class=\"x-col e501-e12 mdx-p mdx-q\"><div id=\"\" class=\"x-text cs-ta-center\" style=\"margin-bottom:-50px;\" ><link href=\"https:\/\/fonts.googleapis.com\/css2?family=Shadows+Into+Light&display=swap\" rel=\"stylesheet\">\n<h2 style=\"font-family: 'Shadows Into Light', cursive;  color:#ffffff; margin-top:-5px;\">\u2018Er even heerlijk tussenuit op Park Scorleduyn in Schoorl\u2019<\/p>\n<h2>\n<\/div><\/div><\/div><\/div><\/div><div class=\"x-section e501-e14 mdx-2 mdx-4\"><div class=\"x-row x-container max width x-hide-sm x-hide-xs e501-e15 mdx-6 mdx-7 mdx-a mdx-e\"><div class=\"x-row-inner\"><div class=\"x-col e501-e16 mdx-p\"><h2  class=\"h-custom-headline cs-ta-center h3\" ><span>Schoorlse duinen<\/span><\/h2><\/div><\/div><\/div><div class=\"x-row x-container max width x-hide-lg x-hide-md x-hide-xl e501-e18 mdx-6 mdx-7 mdx-a mdx-f\"><div class=\"x-row-inner\"><div class=\"x-col e501-e19 mdx-p\"><h2  class=\"h-custom-headline cs-ta-left h3\" ><span>Schoorlse duinen<\/span><\/h2><\/div><\/div><\/div><div class=\"x-row x-container max width e501-e21 mdx-6 mdx-7 mdx-8 mdx-a mdx-g\"><div class=\"x-row-inner\"><div class=\"x-col e501-e22 mdx-p\"><hr class=\"x-line e501-e23 mdx-s mdx-t\"\/><div  class=\"x-columnize\" >Kom lekker uitwaaien in de Schoorlse Duinen, een geweldige plek voor een fiets- of wandeltocht. Vanaf de wandel-, fiets- en ruiterpaden in het heuvelachtige en bosrijke gebied heeft u vaak schitterend uitzicht op de omgeving. De zee bereikt u via een prachtige route door beschermd natuurgebied. Een eeuw geleden was het hier een grote zandbak, nu broeden er tientallen vogelsoorten, groeien er de mooiste paddenstoelen en speelt het zonlicht met duizenden boomblaadjes.<\/div><\/div><\/div><\/div><div class=\"x-row x-container max width e501-e25 mdx-6 mdx-7 mdx-8 mdx-a mdx-h\"><div class=\"x-row-inner\"><div class=\"x-col e501-e26 mdx-p mdx-q\"><h2  class=\"h-custom-headline cs-ta-center h4\" style=\"color: hsl(0, 0%, 0%);margin-top:10px;\"><span>Benieuwd  naar de activiteiten in de Schoorlse Duinen? Bekijk hier de agenda van het bezoekerscentrum Schoorlse Duinen<\/span><\/h2><a class=\"x-anchor x-anchor-button e501-e28 mdx-u mdx-v\" tabindex=\"0\" href=\"https:\/\/www.staatsbosbeheer.nl\/uit-in-de-natuur\/locaties\/schoorlse-duinen\/activiteiten\" target=\"_blank\" rel=\"noopener noreferrer\"><div class=\"x-anchor-content\"><div class=\"x-anchor-text\"><span class=\"x-anchor-text-primary\">Agenda bekijken<\/span><\/div><\/div><\/a><\/div><\/div><\/div><\/div><div class=\"x-section x-hide-sm x-hide-xs e501-e29 mdx-2 mdx-4 parallax\"><div class=\"x-row e501-e30 mdx-6 mdx-7 mdx-8 mdx-a mdx-i\"><div class=\"x-row-inner\"><div class=\"x-col e501-e31 mdx-p\"><hr  class=\"x-gap\" style=\"margin: 350px 0 0 0;\"><\/div><\/div><\/div><\/div><div class=\"x-section x-hide-lg x-hide-md x-hide-xl e501-e33 mdx-2 mdx-4 backgroundmobile\"><div class=\"x-row e501-e34 mdx-6 mdx-7 mdx-8 mdx-a mdx-j\"><div class=\"x-row-inner\"><div class=\"x-col e501-e35 mdx-p\"><hr  class=\"x-gap\" style=\"margin: 300px 0 0 0;\"><\/div><\/div><\/div><\/div><div class=\"x-section e501-e37 mdx-2 mdx-4\"><div class=\"x-row x-container max width e501-e38 mdx-7 mdx-9 mdx-k\"><div class=\"x-row-inner\"><div class=\"x-col e501-e39 mdx-p\"><div id=\"\" class=\"x-text\" style=\"\" ><h5 style=\"margin-top: 0px;\">Bossen en (stuif)duinen<\/h5>\n<p>Meer dan 60 kilometer wandelpad brengt je naar de hoogste duinen, unieke heidevelden en de oudste bossen. En waar Staatsbosbeheer honderd jaar geleden bomen liet planten om het zand vast te leggen, mogen sommige duinen nu weer vrij stuiven.<\/p>\n<p>Bij De Kerf heeft het Noordzeewater bij springtij en noordwesterstorm vrij toegang tot de achterliggende duinvalleien. En met resultaat! Dankzij het zoute zeewater zijn planten als zeekraal, zeeraket en schorrenzoutgras terug van weggeweest. In hun spoor volgen de vogels en duinhagedissen. Zo hebben de Schoorlse Duinen er een prachtig natuurgebiedje bijgekregen, een paradijs voor de liefhebber.<\/p>\n<\/div><\/div><div class=\"x-col e501-e41 mdx-p\"><div id=\"\" class=\"x-text\" style=\"\" ><h5 style=\"margin-top: 0px;\">Elk seizoen natuurlijk genieten<\/h5>\n<p>De Schoorlse Duinen zijn in alle seizoenen prachtig. Als de winterse rijp op de takken ligt, is het er betoverend stil. In de lente laten de vele vogels flink van zich horen, zoals de groene specht en de zeer zeldzame nachtzwaluw. In de zomer staan tienduizenden dennenorchissen in bloei. De kleine orchidee\u00ebn cre\u00ebren een prachtig wit, natuurlijk tapijt. En in de herfst groeien er ruim 800 soorten paddenstoelen.<\/p>\n<\/div><\/div><\/div><\/div><\/div><div class=\"x-section e501-e43 mdx-1 mdx-2 mdx-5\" style=\"border: solid 1px #ededed\" id=\"footer\"><div class=\"x-row x-container max width e501-e44 mdx-6 mdx-7 mdx-8 mdx-a mdx-l\"><div class=\"x-row-inner\"><div class=\"x-col e501-e45 mdx-p\"><h2  class=\"h-custom-headline cs-ta-center h3\" style=\"color: hsl(0, 0%, 0%);margin-top: 0px;\"><span>Contact<\/span><\/h2><hr  class=\"x-gap\" style=\"margin: 20px 0 0 0;\"><\/div><\/div><\/div><div class=\"x-row x-container max width e501-e48 mdx-6 mdx-7 mdx-8 mdx-a mdx-m\"><div class=\"x-row-inner\"><div class=\"x-col e501-e49 mdx-p\"><div id=\"\" class=\"x-text cs-ta-center\" style=\"\" ><p><span style=\"color: #000000;\"><b>Adres<\/b><br \/>\nVakantiepark Scorleduyn<br \/>\nOorsprongweg 8<br \/>\n1871 HA Schoorl<\/p>\n<\/div><hr  class=\"x-gap\" style=\"margin: 20px 0 0 0;\"><\/div><div class=\"x-col e501-e52 mdx-p\"><div id=\"\" class=\"x-text cs-ta-center\" style=\"\" ><p><span style=\"color: #000000;\"><b>E-mail<\/b> <br \/><\/span><span style=\"color: #bead91;\"><a href=\"mailto:receptie@parkscorleduyn.com\" style=\"color: #bead91;\">receptie@parkscorleduyn.com<\/a><\/span><\/p>\n<\/div><hr  class=\"x-gap\" style=\"margin: 20px 0 0 0;\"><\/div><div class=\"x-col e501-e55 mdx-p\"><div id=\"\" class=\"x-text cs-ta-center\" style=\"\" ><p><span style=\"color: #000000;\"><b>Telefoonnummer<\/b><br \/><a href=\"tel:31725092528\">+31 (0)72 509 2528<\/a><\/span><\/p>\n<\/div><hr  class=\"x-gap\" style=\"margin: 20px 0 0 0;\"><\/div><\/div><\/div><div class=\"x-row x-container max width e501-e58 mdx-6 mdx-7 mdx-8 mdx-a mdx-n\"><div class=\"x-row-inner\"><div class=\"x-col e501-e59 mdx-p\"><div id=\"\" class=\"x-text cs-ta-center\" style=\"\" ><p><span style=\"color: #000000;\"><b>Privacy<\/b><br \/>\n<a href=\"https:\/\/parkscorleduyn.com\/wp-content\/uploads\/2024\/05\/Algemene-Voorwaarden-Dormio-Resorts-Hotels-2024.02-Buitenhuis-beheerverhuur.pdf\" target=\"_blank\" rel=\"noopener\">Algemene voorwaarden<\/a><br \/>\n<a href=\"https:\/\/parkscorleduyn.com\/cookie-beleid-en-disclaimer\/#cookie\">Cookie beleid<\/a><br \/>\n<a href=\"https:\/\/parkscorleduyn.com\/cookie-beleid-en-disclaimer\/#disclaimer\">Disclaimer<\/a><\/span><\/p>\n<\/div><\/div><div class=\"x-col e501-e61 mdx-p mdx-q\"><div id=\"\" class=\"x-text cs-ta-center\" style=\"margin-bottom:-30px;\" ><p><span style=\"color: #000000;\"><b>Volg ons op social media:<\/b><br \/>\n<\/span><\/p>\n<\/div><a class=\"x-anchor x-anchor-button has-graphic e501-e63 mdx-u mdx-w\" tabindex=\"0\" href=\"https:\/\/www.facebook.com\/Park-Scorleduyn-329747883715972\" target=\"_blank\" rel=\"noopener noreferrer\"><div class=\"x-anchor-content\"><span class=\"x-graphic\" aria-hidden=\"true\"><i class=\"x-icon x-graphic-child x-graphic-icon x-graphic-primary\" aria-hidden=\"true\" data-x-icon-b=\"&#xf082;\"><\/i><\/span><\/div><\/a><\/div><div class=\"x-col e501-e64 mdx-p mdx-q\"><a class=\"x-image e501-e65 mdx-x\" href=\"https:\/\/www.zoover.nl\/nederland\/noord-holland\/schoorl-groet\/park-scorleduyn\/vakantiepark\" target=\"_blank\" rel=\"noopener noreferrer\"><img decoding=\"async\" src=\"https:\/\/parkscorleduyn.com\/wp-content\/uploads\/2020\/04\/zoover-logo.png\" width=\"185\" height=\"65\" alt=\"Image\" loading=\"lazy\"><\/a><div id=\"\" class=\"x-text cs-ta-center\" style=\"margin-bottom:-30px; margin-top:10px;\" ><p><span style=\"color: #000000;\"><b>Beoordeelde ons met een <a href=\"https:\/\/www.zoover.nl\/nederland\/noord-holland\/schoorl-groet\/park-scorleduyn\/vakantiepark\" target=\"_blank\" rel=\"noopener\">8.1<\/a><\/b><br \/>\n<\/span><\/p>\n<\/div><hr  class=\"x-gap\" style=\"margin: 50px 0 0 0;\"><\/div><\/div><\/div><div class=\"x-row e501-e68 mdx-6 mdx-7 mdx-8 mdx-a mdx-o margin-bottom: -45px;\"><div class=\"x-row-inner\"><div class=\"x-col e501-e69 mdx-p afzender\"><hr  class=\"x-gap\" style=\"margin: 20px 0 0 0;\"><div id=\"\" class=\"x-text cs-ta-center\" style=\"font-size:13px; margin-bottom: -10px;\" ><p><a href=\"https:\/\/parkscorleduyn.com\/nl_nl\/privacyverklaring\/\">Privacyverklaring<\/a> | <a href=\"https:\/\/parkscorleduyn.com\/nl_nl\/colofon\/\">Colofon<\/a><\/p>\n<\/div><div id=\"\" class=\"x-text cs-ta-center\" style=\"font-size:13px;\" ><p>ONTWERP EN REALISATIE DOOR <a href=\"https:\/\/desitebuilders.nl\/\" title=\"D\u00c9 SITE BUILDERS\" rel=\"nofollow\">D\u00c9 SITE BUILDERS<\/a><\/p>\n<\/div><\/div><\/div><\/div><\/div><\/div>\n","protected":false},"excerpt":{"rendered":"<p>Direkt buchen Park Scorleduyn ist ein wundersch\u00f6n gelegener Ferienpark in Schoorl und verf\u00fcgt \u00fcber moderne und geschmackvoll eingerichtete Luxusferienh\u00e4user. Vom Park Scorleduyn aus haben Sie die M\u00f6glichkeit, die sch\u00f6ne Umgebung von Schoorl zu entdecken. Ferienpark Scorleduyn &#039;Machen Sie eine Pause im Park Scorleduyn in Schoorl&#039; &#039;Machen Sie eine Pause im Park Scorleduyn in Schoorl&#039; Schoorlse duinenSchoorlse duinenHolen Sie sich frische Luft\u2026 <a href=\"http:\/\/parkscorleduyn.com\/de\/schoorlse-duinen\/\" class=\"more-link\">Weiterlesen<\/a><\/p>","protected":false},"author":2,"featured_media":0,"parent":0,"menu_order":0,"comment_status":"closed","ping_status":"closed","template":"template-blank-4.php","meta":{"rs_blank_template":"","rs_page_bg_color":"#ffffff","slide_template_v7":"","footnotes":""},"class_list":["post-501","page","type-page","status-publish","hentry","no-post-thumbnail"],"yoast_head":"<!-- This site is optimized with the Yoast SEO plugin v27.2 - https:\/\/yoast.com\/product\/yoast-seo-wordpress\/ -->\n<title>Schoorlse duinen - Park Scorleduyn<\/title>\n<meta name=\"robots\" content=\"index, follow, max-snippet:-1, max-image-preview:large, max-video-preview:-1\" \/>\n<link rel=\"canonical\" href=\"https:\/\/parkscorleduyn.com\/de\/schoorlse-duinen\/\" \/>\n<meta property=\"og:locale\" content=\"de_DE\" \/>\n<meta property=\"og:type\" content=\"article\" \/>\n<meta property=\"og:title\" content=\"Schoorlse duinen - Park Scorleduyn\" \/>\n<meta property=\"og:description\" content=\"Direct boeken Park Scorleduyn is een fraai gelegen vakantiepark in Schoorl en beschikt over moderne en smaakvol ingerichte luxe vakantiehuizen. Vanuit Park Scorleduyn heeft u de gelegenheid om de prachtige omgeving van Schoorl te ontdekken. Vakantiepark Scorleduyn \u2018Er even heerlijk tussenuit op Park Scorleduyn in Schoorl\u2019 \u2018Er even heerlijk tussenuit op Park Scorleduyn in Schoorl\u2019 Schoorlse duinenSchoorlse duinenKom lekker uitwaaien ... Read More\" \/>\n<meta property=\"og:url\" content=\"https:\/\/parkscorleduyn.com\/de\/schoorlse-duinen\/\" \/>\n<meta property=\"og:site_name\" content=\"Park Scorleduyn\" \/>\n<meta property=\"article:modified_time\" content=\"2025-10-23T12:19:30+00:00\" \/>\n<meta name=\"twitter:card\" content=\"summary_large_image\" \/>\n<meta name=\"twitter:label1\" content=\"Gesch\u00e4tzte Lesezeit\" \/>\n\t<meta name=\"twitter:data1\" content=\"5\u00a0Minuten\" \/>\n<script type=\"application\/ld+json\" class=\"yoast-schema-graph\">{\"@context\":\"https:\/\/schema.org\",\"@graph\":[{\"@type\":\"WebPage\",\"@id\":\"https:\/\/parkscorleduyn.com\/nl_nl\/schoorlse-duinen\/\",\"url\":\"https:\/\/parkscorleduyn.com\/nl_nl\/schoorlse-duinen\/\",\"name\":\"Schoorlse duinen - Park Scorleduyn\",\"isPartOf\":{\"@id\":\"https:\/\/parkscorleduyn.com\/nl_nl\/#website\"},\"datePublished\":\"2020-04-08T14:51:40+00:00\",\"dateModified\":\"2025-10-23T12:19:30+00:00\",\"breadcrumb\":{\"@id\":\"https:\/\/parkscorleduyn.com\/nl_nl\/schoorlse-duinen\/#breadcrumb\"},\"inLanguage\":\"de\",\"potentialAction\":[{\"@type\":\"ReadAction\",\"target\":[\"https:\/\/parkscorleduyn.com\/nl_nl\/schoorlse-duinen\/\"]}]},{\"@type\":\"BreadcrumbList\",\"@id\":\"https:\/\/parkscorleduyn.com\/nl_nl\/schoorlse-duinen\/#breadcrumb\",\"itemListElement\":[{\"@type\":\"ListItem\",\"position\":1,\"name\":\"Home\",\"item\":\"https:\/\/parkscorleduyn.com\/nl_nl\/\"},{\"@type\":\"ListItem\",\"position\":2,\"name\":\"Schoorlse duinen\"}]},{\"@type\":\"WebSite\",\"@id\":\"https:\/\/parkscorleduyn.com\/nl_nl\/#website\",\"url\":\"https:\/\/parkscorleduyn.com\/nl_nl\/\",\"name\":\"Park Scorleduyn\",\"description\":\"Exclusieve duinwoningen\",\"potentialAction\":[{\"@type\":\"SearchAction\",\"target\":{\"@type\":\"EntryPoint\",\"urlTemplate\":\"https:\/\/parkscorleduyn.com\/nl_nl\/?s={search_term_string}\"},\"query-input\":{\"@type\":\"PropertyValueSpecification\",\"valueRequired\":true,\"valueName\":\"search_term_string\"}}],\"inLanguage\":\"de\"}]}<\/script>\n<!-- \/ Yoast SEO plugin. -->","yoast_head_json":{"title":"D\u00fcnen von Schoorl - Park Scorleduyn","robots":{"index":"index","follow":"follow","max-snippet":"max-snippet:-1","max-image-preview":"max-image-preview:large","max-video-preview":"max-video-preview:-1"},"canonical":"https:\/\/parkscorleduyn.com\/de\/schoorlse-duinen\/","og_locale":"de_DE","og_type":"article","og_title":"Schoorlse duinen - Park Scorleduyn","og_description":"Direct boeken Park Scorleduyn is een fraai gelegen vakantiepark in Schoorl en beschikt over moderne en smaakvol ingerichte luxe vakantiehuizen. Vanuit Park Scorleduyn heeft u de gelegenheid om de prachtige omgeving van Schoorl te ontdekken. Vakantiepark Scorleduyn \u2018Er even heerlijk tussenuit op Park Scorleduyn in Schoorl\u2019 \u2018Er even heerlijk tussenuit op Park Scorleduyn in Schoorl\u2019 Schoorlse duinenSchoorlse duinenKom lekker uitwaaien ... Read More","og_url":"https:\/\/parkscorleduyn.com\/de\/schoorlse-duinen\/","og_site_name":"Park Scorleduyn","article_modified_time":"2025-10-23T12:19:30+00:00","twitter_card":"summary_large_image","twitter_misc":{"Gesch\u00e4tzte Lesezeit":"5\u00a0Minuten"},"schema":{"@context":"https:\/\/schema.org","@graph":[{"@type":"WebPage","@id":"https:\/\/parkscorleduyn.com\/nl_nl\/schoorlse-duinen\/","url":"https:\/\/parkscorleduyn.com\/nl_nl\/schoorlse-duinen\/","name":"D\u00fcnen von Schoorl - Park Scorleduyn","isPartOf":{"@id":"https:\/\/parkscorleduyn.com\/nl_nl\/#website"},"datePublished":"2020-04-08T14:51:40+00:00","dateModified":"2025-10-23T12:19:30+00:00","breadcrumb":{"@id":"https:\/\/parkscorleduyn.com\/nl_nl\/schoorlse-duinen\/#breadcrumb"},"inLanguage":"de","potentialAction":[{"@type":"ReadAction","target":["https:\/\/parkscorleduyn.com\/nl_nl\/schoorlse-duinen\/"]}]},{"@type":"BreadcrumbList","@id":"https:\/\/parkscorleduyn.com\/nl_nl\/schoorlse-duinen\/#breadcrumb","itemListElement":[{"@type":"ListItem","position":1,"name":"Home","item":"https:\/\/parkscorleduyn.com\/nl_nl\/"},{"@type":"ListItem","position":2,"name":"Schoorlse duinen"}]},{"@type":"WebSite","@id":"https:\/\/parkscorleduyn.com\/nl_nl\/#website","url":"https:\/\/parkscorleduyn.com\/nl_nl\/","name":"Park Scorleduyn","description":"Exklusive D\u00fcnenh\u00e4user","potentialAction":[{"@type":"SearchAction","target":{"@type":"EntryPoint","urlTemplate":"https:\/\/parkscorleduyn.com\/nl_nl\/?s={search_term_string}"},"query-input":{"@type":"PropertyValueSpecification","valueRequired":true,"valueName":"search_term_string"}}],"inLanguage":"de"}]}},"_links":{"self":[{"href":"http:\/\/parkscorleduyn.com\/de\/wp-json\/wp\/v2\/pages\/501","targetHints":{"allow":["GET"]}}],"collection":[{"href":"http:\/\/parkscorleduyn.com\/de\/wp-json\/wp\/v2\/pages"}],"about":[{"href":"http:\/\/parkscorleduyn.com\/de\/wp-json\/wp\/v2\/types\/page"}],"author":[{"embeddable":true,"href":"http:\/\/parkscorleduyn.com\/de\/wp-json\/wp\/v2\/users\/2"}],"replies":[{"embeddable":true,"href":"http:\/\/parkscorleduyn.com\/de\/wp-json\/wp\/v2\/comments?post=501"}],"version-history":[{"count":7,"href":"http:\/\/parkscorleduyn.com\/de\/wp-json\/wp\/v2\/pages\/501\/revisions"}],"predecessor-version":[{"id":916,"href":"http:\/\/parkscorleduyn.com\/de\/wp-json\/wp\/v2\/pages\/501\/revisions\/916"}],"wp:attachment":[{"href":"http:\/\/parkscorleduyn.com\/de\/wp-json\/wp\/v2\/media?parent=501"}],"curies":[{"name":"wp","href":"https:\/\/api.w.org\/{rel}","templated":true}]}}