{"id":489,"date":"2020-04-08T14:37:17","date_gmt":"2020-04-08T14:37:17","guid":{"rendered":"https:\/\/parkscorleduyn.com\/?page_id=489"},"modified":"2025-10-23T12:18:57","modified_gmt":"2025-10-23T12:18:57","slug":"fietsen-in-schoorl","status":"publish","type":"page","link":"http:\/\/parkscorleduyn.com\/de\/fietsen-in-schoorl\/","title":{"rendered":"Radfahren in Schoorl"},"content":{"rendered":"<div id=\"cs-content\" class=\"cs-content\"><div class=\"x-section e489-e1 mdl-0 mdl-1 mdl-2 mdl-3\"><div class=\"x-row e489-e2 mdl-8 mdl-9 mdl-a mdl-b\"><div class=\"x-row-inner\"><div class=\"x-col e489-e3 mdl-s\">\n\t\t\t\t<p class=\"rs-p-wp-fix\"><\/p>\n\t\t\t\t<sr7-module data-alias=\"slider-wandelen-1\" data-id=\"15\" id=\"SR7_15_1\" data-version=\"7.0.6\">\n\t\t\t\t\t<sr7-adjuster><\/sr7-adjuster>\n\t\t\t\t\t<sr7-content>\n\t\t\t\t\t\t<sr7-slide id=\"SR7_15_1-26\" data-key=\"26\">\n\t\t\t\t\t\t\t<sr7-bg id=\"SR7_15_1-26-27\" class=\"sr7-layer\"><noscript><img decoding=\"async\" src=\"https:\/\/parkscorleduyn.com\/wp-content\/uploads\/2020\/04\/header-fietsen-03-2480x1000-Scorleduyn.jpg\" alt=\"\" title=\"header fietsen 03 &#8211; 2480&#215;1000 &#8211; Scorleduyn\"><\/noscript><\/sr7-bg>\n\t\t\t\t\t\t\t<a id=\"SR7_15_1-26-23\" class=\"sr7-layer\" href=\"https:\/\/www.dormio.nl\/resorts-hotels\/dormio-park-scorleduyn?utm_campaign=WL_Scorleduyn\" target=\"_blank\" rel=\"nofollow noopener\">Direct boeken<\/a>\n\t\t\t\t\t\t\t<sr7-txt id=\"SR7_15_1-26-24\" class=\"sr7-layer\">Park Scorleduyn is een fraai gelegen vakantiepark in Schoorl en beschikt over moderne en smaakvol ingerichte luxe vakantiehuizen. Vanuit Park Scorleduyn heeft u de gelegenheid om de prachtige omgeving van Schoorl te ontdekken.<\/sr7-txt>\n\t\t\t\t\t\t\t<sr7-txt id=\"SR7_15_1-26-25\" class=\"sr7-layer\">Vakantiepark Scorleduyn<br \/>\n<\/sr7-txt>\n\t\t\t\t\t\t<\/sr7-slide>\n\t\t\t\t\t\t<sr7-slide id=\"SR7_15_1-37\" data-key=\"37\">\n\t\t\t\t\t\t<\/sr7-slide>\n\t\t\t\t\t<\/sr7-content>\n\t\t\t\t\t<image_lists style=\"display:none\">\n\t\t\t\t\t\t<img data-src=\"\/\/parkscorleduyn.com\/wp-content\/uploads\/revslider\/o\/15\/17931544050d1e247f345b5fdfc82a7b.webp\" data-libid=\"610\" data-lib=\"medialibrary\" title=\"header fietsen 03 &#8211; 2480&#215;1000 &#8211; Scorleduyn\" width=\"0\" height=\"0\" data-dbsrc=\"Ly9wYXJrc2NvcmxlZHV5bi5jb20vd3AtY29udGVudC91cGxvYWRzLzIwMjAvMDQvaGVhZGVyLWZpZXRzZW4tMDMtMjQ4MHgxMDAwLVNjb3JsZWR1eW4uanBn\"\/>\n\t\t\t\t\t<\/image_lists>\n\t\t\t\t<\/sr7-module>\n\t\t\t\t<script>\n\t\t\t\t\twindow.SR7??={}; SR7.PMH ??={}; SR7.PMH[\"SR7_15_1\"] = {cn:100,state:false,fn: function() { if (window._tpt!==undefined && window._tpt.prepareModuleHeight !== undefined) {  _tpt.prepareModuleHeight({id:\"SR7_15_1\",el:[600,600,568,560,520],type:'standard',gh:[600,600,568,560,520],gw:[1240,1240,1024,778,480],vpt:['-200px&#039;,&#039;-200px&#039;,&#039;-200px&#039;,&#039;-200px&#039;,&#039;-200px'],size:{fullWidth:false, fullHeight:false},mh:'0',onh:0,onw:0,bg:{color:'{\"orig\":\"transparent\",\"type\":\"solid\",\"string\":\"transparent\"}'},plType:'0',plColor:'#FFFFFF'});   SR7.PMH[\"SR7_15_1\"].state=true;} else if(SR7.PMH[\"SR7_15_1\"].cn-->0)\tsetTimeout( SR7.PMH[\"SR7_15_1\"].fn,19);}};SR7.PMH[\"SR7_15_1\" ].fn();\n\t\t\t\t<\/script>\n<\/div><\/div><\/div><\/div><div class=\"x-section x-hide-lg x-hide-md x-hide-xl e489-e5 mdl-0 mdl-1 mdl-2 mdl-3 mdl-4\"><div class=\"x-row e489-e6 mdl-8 mdl-9 mdl-a mdl-c\"><div class=\"x-row-inner\"><div class=\"x-col e489-e7 mdl-s mdl-t\"><div id=\"\" class=\"x-text cs-ta-center\" style=\"margin-bottom:-50px;\" ><link href=\"https:\/\/fonts.googleapis.com\/css2?family=Shadows+Into+Light&display=swap\" rel=\"stylesheet\">\n<h2 style=\"font-family: 'Shadows Into Light', cursive;  color:#ffffff; margin-top:-5px;\">\u2018Er even heerlijk tussenuit op Park Scorleduyn in Schoorl\u2019<\/p>\n<h2>\n<\/div><\/div><\/div><\/div><\/div><div class=\"x-section x-hide-sm x-hide-xs e489-e9 mdl-0 mdl-1 mdl-2 mdl-3 mdl-4\"><div class=\"x-row e489-e10 mdl-8 mdl-9 mdl-a mdl-d\"><div class=\"x-row-inner\"><div class=\"x-col e489-e11 mdl-s mdl-t\"><hr class=\"x-line e489-e12 mdl-u mdl-v\"\/><div id=\"\" class=\"x-text cs-ta-center\" style=\"\" ><link href=\"https:\/\/fonts.googleapis.com\/css2?family=Shadows+Into+Light&display=swap\" rel=\"stylesheet\">\n<h2 style=\"font-family: 'Shadows Into Light', cursive;  color:#ffffff; margin-top:-5px;\">\u2018Er even heerlijk tussenuit op Park Scorleduyn in Schoorl\u2019<\/p>\n<h2>\n<\/div><\/div><\/div><\/div><\/div><div class=\"x-section e489-e14 mdl-3 mdl-5\"><div class=\"x-row x-container max width x-hide-lg x-hide-md x-hide-xl e489-e15 mdl-8 mdl-a mdl-e\"><div class=\"x-row-inner\"><div class=\"x-col e489-e16 mdl-s\"><h2  class=\"h-custom-headline cs-ta-left h3\" ><span>Fietsen in Schoorl<\/span><\/h2><\/div><\/div><\/div><div class=\"x-row x-container max width x-hide-sm x-hide-xs e489-e18 mdl-8 mdl-a mdl-f\"><div class=\"x-row-inner\"><div class=\"x-col e489-e19 mdl-s\"><h2  class=\"h-custom-headline cs-ta-center h3\" ><span>Fietsen in Schoorl<\/span><\/h2><\/div><\/div><\/div><div class=\"x-row x-container max width e489-e21 mdl-8 mdl-9 mdl-a mdl-g\"><div class=\"x-row-inner\"><div class=\"x-col e489-e22 mdl-s\"><hr class=\"x-line e489-e23 mdl-v mdl-w\"\/><div  class=\"x-columnize\" ><h5 style=\"margin-top:0px;\">Ontdek Nationaal Park de Schoorlse Duinen per fiets<\/h5>\nWilt u heerlijk fietsen in Schoorl? Laat uw auto lekker staan en verken Schoorl en omgeving met de fiets. Op Vakantiepark Scorleduyn kunt u dames-, heren- en kinderfietsen of een tandem of mountainbike huren.\n\n\n<h5>Diverse fietsroutes voor jong en oud<\/h5>\nWilt u een route met brede fietspaden en zonder gemotoriseerd verkeer, verken dan de kuststreek van Den Helder tot Castricum. Of bedwing de pieken en dalen van De Schoorlse Duinen.<\/div><\/div><\/div><\/div><\/div><div class=\"x-section e489-e25 mdl-1 mdl-2 mdl-3 mdl-6\"><div class=\"x-row x-container max width e489-e26 mdl-8 mdl-9 mdl-a mdl-h\"><div class=\"x-row-inner\"><div class=\"x-col e489-e27 mdl-s\"><hr class=\"x-line e489-e28 mdl-v mdl-x\"\/><\/div><div class=\"x-col e489-e29 mdl-s\"><a  class=\"x-btn x-btn-global\"  href=\"https:\/\/www.pesierentabike.nl\/?pesie-partner=4571f001-d57a-43d5-bf95-ef25095f2d70\"  target=\"_blank\" rel=\"noopener noreferrer\"   data-options=\"thumbnail: ''\">Direct boeken<\/a><\/div><\/div><\/div><\/div><div class=\"x-section x-hide-sm x-hide-xs e489-e31 mdl-3 mdl-5 parallax\"><div class=\"x-row x-container max width e489-e32 mdl-8 mdl-9 mdl-a mdl-i\"><div class=\"x-row-inner\"><div class=\"x-col e489-e33 mdl-s\"><hr class=\"x-line e489-e34 mdl-v mdl-y\"\/><\/div><\/div><\/div><\/div><div class=\"x-section x-hide-lg x-hide-md x-hide-xl e489-e35 mdl-3 mdl-5 backgroundmobile\"><div class=\"x-row e489-e36 mdl-8 mdl-9 mdl-a mdl-j\"><div class=\"x-row-inner\"><div class=\"x-col e489-e37 mdl-s\"><hr  class=\"x-gap\" style=\"margin: 300px 0 0 0;\"><\/div><\/div><\/div><\/div><div class=\"x-section e489-e39 mdl-3 mdl-5\"><div class=\"x-row x-container max width x-hide-sm x-hide-xs e489-e40 mdl-8 mdl-a mdl-k\"><div class=\"x-row-inner\"><div class=\"x-col e489-e41 mdl-s\"><h2  class=\"h-custom-headline cs-ta-center h3\" ><span>Mooiste, maar zwaarste mountainbikeparcours van Nederland<\/span><\/h2><\/div><\/div><\/div><div class=\"x-row x-container max width x-hide-lg x-hide-md x-hide-xl e489-e43 mdl-8 mdl-a mdl-l\"><div class=\"x-row-inner\"><div class=\"x-col e489-e44 mdl-s\"><h2  class=\"h-custom-headline cs-ta-left h3\" ><span>Mooiste, maar zwaarste mountainbikeparcours van Nederland<\/span><\/h2><\/div><\/div><\/div><div class=\"x-row x-container max width e489-e46 mdl-8 mdl-9 mdl-a mdl-m\"><div class=\"x-row-inner\"><div class=\"x-col e489-e47 mdl-s\"><hr class=\"x-line e489-e48 mdl-v mdl-w\"\/><div  class=\"x-columnize\" >In het duingebied tussen Schoorl en Bergen ligt bovendien het mooiste, maar zwaarste mountainbikeparcours van Nederland.\n\nDe route is in 1996 aangelegd langs de mooiste plekken in het duin. Als je start in de zuidoosthoek van de Schoorlse Duinen ga je eerst dwars door de donkere dennenbossen. De route kent hier veel hoogteverschillen.\nNa het bos kom je bij het open duin. Om dit weidse landschap te bewonderen moet je eerst de Zwarte Blink beklimmen. Boven op dit uitkijkpunt heb je een prachtig uitzicht. In augustus en begin september kun je hier genieten van de paars bloeiende heidevelden.\nHet parkoers gaat verder door de bossen. Je rijdt dan vlak langs zee en het nieuwe natuurgebied De Kerf. De route gaat hier verder door de bossen naar het hoogste punt van de route: De Schoorlse Nok. Dit is \u00e9\u00e9n van de hoogste duinen van Schoorl, en zelfs van Nederland. Je staat dan 48 meter boven NAP. Zelfs voor de ervaren biker is deze klim behoorlijk afzien. Voor meer informatie:<\/div><\/div><\/div><\/div><\/div><div class=\"x-section e489-e50 mdl-1 mdl-2 mdl-3 mdl-6\"><div class=\"x-row x-container max width e489-e51 mdl-8 mdl-9 mdl-a mdl-n\"><div class=\"x-row-inner\"><div class=\"x-col e489-e52 mdl-s\"><hr class=\"x-line e489-e53 mdl-v mdl-x\"\/><\/div><div class=\"x-col e489-e54 mdl-s\"><a  class=\"x-btn x-btn-global\"  href=\"https:\/\/www.mtbroutes.nl\/noord-holland\/schoorl\"  target=\"_blank\" rel=\"noopener noreferrer\"   data-options=\"thumbnail: ''\">Meer informatie<\/a><\/div><\/div><\/div><\/div><div class=\"x-section e489-e56 mdl-1 mdl-3 mdl-7\" style=\"border: solid 1px #ededed\" id=\"footer\"><div class=\"x-row x-container max width e489-e57 mdl-8 mdl-9 mdl-a mdl-o\"><div class=\"x-row-inner\"><div class=\"x-col e489-e58 mdl-s\"><h2  class=\"h-custom-headline cs-ta-center h3\" style=\"color: hsl(0, 0%, 0%);margin-top: 0px;\"><span>Contact<\/span><\/h2><hr  class=\"x-gap\" style=\"margin: 20px 0 0 0;\"><\/div><\/div><\/div><div class=\"x-row x-container max width e489-e61 mdl-8 mdl-9 mdl-a mdl-p\"><div class=\"x-row-inner\"><div class=\"x-col e489-e62 mdl-s\"><div id=\"\" class=\"x-text cs-ta-center\" style=\"\" ><p><span style=\"color: #000000;\"><b>Adres<\/b><br \/>\nVakantiepark Scorleduyn<br \/>\nOorsprongweg 8<br \/>\n1871 HA Schoorl<\/p>\n<\/div><hr  class=\"x-gap\" style=\"margin: 20px 0 0 0;\"><\/div><div class=\"x-col e489-e65 mdl-s\"><div id=\"\" class=\"x-text cs-ta-center\" style=\"\" ><p><span style=\"color: #000000;\"><b>E-mail<\/b> <br \/><\/span><span style=\"color: #bead91;\"><a href=\"mailto:receptie@parkscorleduyn.com\" style=\"color: #bead91;\">receptie@parkscorleduyn.com<\/a><\/span><\/p>\n<\/div><hr  class=\"x-gap\" style=\"margin: 20px 0 0 0;\"><\/div><div class=\"x-col e489-e68 mdl-s\"><div id=\"\" class=\"x-text cs-ta-center\" style=\"\" ><p><span style=\"color: #000000;\"><b>Telefoonnummer<\/b><br \/><a href=\"tel:31725092528\">+31 (0)72 509 2528<\/a><\/span><\/p>\n<\/div><hr  class=\"x-gap\" style=\"margin: 20px 0 0 0;\"><\/div><\/div><\/div><div class=\"x-row x-container max width e489-e71 mdl-8 mdl-9 mdl-a mdl-q\"><div class=\"x-row-inner\"><div class=\"x-col e489-e72 mdl-s\"><div id=\"\" class=\"x-text cs-ta-center\" style=\"\" ><p><span style=\"color: #000000;\"><b>Privacy<\/b><br \/>\n<a href=\"https:\/\/parkscorleduyn.com\/wp-content\/uploads\/2024\/05\/Algemene-Voorwaarden-Dormio-Resorts-Hotels-2024.02-Buitenhuis-beheerverhuur.pdf\" target=\"_blank\" rel=\"noopener\">Algemene voorwaarden<\/a><br \/>\n<a href=\"https:\/\/parkscorleduyn.com\/cookie-beleid-en-disclaimer\/#cookie\">Cookie beleid<\/a><br \/>\n<a href=\"https:\/\/parkscorleduyn.com\/cookie-beleid-en-disclaimer\/#disclaimer\">Disclaimer<\/a><\/span><\/p>\n<\/div><\/div><div class=\"x-col e489-e74 mdl-s mdl-t\"><div id=\"\" class=\"x-text cs-ta-center\" style=\"margin-bottom:-30px;\" ><p><span style=\"color: #000000;\"><b>Volg ons op social media:<\/b><br \/>\n<\/span><\/p>\n<\/div><a class=\"x-anchor x-anchor-button has-graphic e489-e76 mdl-z\" tabindex=\"0\" href=\"https:\/\/www.facebook.com\/Park-Scorleduyn-329747883715972\" target=\"_blank\" rel=\"noopener noreferrer\"><div class=\"x-anchor-content\"><span class=\"x-graphic\" aria-hidden=\"true\"><i class=\"x-icon x-graphic-child x-graphic-icon x-graphic-primary\" aria-hidden=\"true\" data-x-icon-b=\"&#xf082;\"><\/i><\/span><\/div><\/a><\/div><div class=\"x-col e489-e77 mdl-s mdl-t\"><a class=\"x-image e489-e78 mdl-10\" href=\"https:\/\/www.zoover.nl\/nederland\/noord-holland\/schoorl-groet\/park-scorleduyn\/vakantiepark\" target=\"_blank\" rel=\"noopener noreferrer\"><img decoding=\"async\" src=\"https:\/\/parkscorleduyn.com\/wp-content\/uploads\/2020\/04\/zoover-logo.png\" width=\"185\" height=\"65\" alt=\"Image\" loading=\"lazy\"><\/a><div id=\"\" class=\"x-text cs-ta-center\" style=\"margin-bottom:-30px; margin-top:10px;\" ><p><span style=\"color: #000000;\"><b>Beoordeelde ons met een <a href=\"https:\/\/www.zoover.nl\/nederland\/noord-holland\/schoorl-groet\/park-scorleduyn\/vakantiepark\" target=\"_blank\" rel=\"noopener\">8.1<\/a><\/b><br \/>\n<\/span><\/p>\n<\/div><hr  class=\"x-gap\" style=\"margin: 50px 0 0 0;\"><\/div><\/div><\/div><div class=\"x-row e489-e81 mdl-8 mdl-9 mdl-a mdl-r margin-bottom: -45px;\"><div class=\"x-row-inner\"><div class=\"x-col e489-e82 mdl-s afzender\"><hr  class=\"x-gap\" style=\"margin: 20px 0 0 0;\"><div id=\"\" class=\"x-text cs-ta-center\" style=\"font-size:13px; margin-bottom: -10px;\" ><p><a href=\"https:\/\/parkscorleduyn.com\/nl_nl\/privacyverklaring\/\">Privacyverklaring<\/a> | <a href=\"https:\/\/parkscorleduyn.com\/nl_nl\/colofon\/\">Colofon<\/a><\/p>\n<\/div><div id=\"\" class=\"x-text cs-ta-center\" style=\"font-size:13px;\" ><p>ONTWERP EN REALISATIE DOOR <a href=\"https:\/\/desitebuilders.nl\/\" title=\"D\u00c9 SITE BUILDERS\" rel=\"nofollow\">D\u00c9 SITE BUILDERS<\/a><\/p>\n<\/div><\/div><\/div><\/div><\/div><\/div>\n","protected":false},"excerpt":{"rendered":"<p>Direkt buchen Park Scorleduyn ist ein wundersch\u00f6n gelegener Ferienpark in Schoorl und verf\u00fcgt \u00fcber moderne und geschmackvoll eingerichtete Luxusferienh\u00e4user. Vom Park Scorleduyn aus haben Sie die M\u00f6glichkeit, die sch\u00f6ne Umgebung von Schoorl zu entdecken. Ferienpark Scorleduyn &#039;Eine wunderbare Pause im Park Scorleduyn in Schoorl&#039; &#039;Eine wunderbare Pause im Park Scorleduyn in Schoorl&#039; Radfahren in SchoorlRadfahren in SchoorlEntdecken \u2026 <a href=\"http:\/\/parkscorleduyn.com\/de\/fietsen-in-schoorl\/\" class=\"more-link\">Weiterlesen<\/a><\/p>","protected":false},"author":2,"featured_media":0,"parent":0,"menu_order":0,"comment_status":"closed","ping_status":"closed","template":"template-blank-4.php","meta":{"rs_blank_template":"","rs_page_bg_color":"#ffffff","slide_template_v7":"","footnotes":""},"class_list":["post-489","page","type-page","status-publish","hentry","no-post-thumbnail"],"yoast_head":"<!-- This site is optimized with the Yoast SEO plugin v27.2 - https:\/\/yoast.com\/product\/yoast-seo-wordpress\/ -->\n<title>Fietsen in Schoorl - Park Scorleduyn<\/title>\n<meta name=\"robots\" content=\"index, follow, max-snippet:-1, max-image-preview:large, max-video-preview:-1\" \/>\n<link rel=\"canonical\" href=\"https:\/\/parkscorleduyn.com\/de\/fietsen-in-schoorl\/\" \/>\n<meta property=\"og:locale\" content=\"de_DE\" \/>\n<meta property=\"og:type\" content=\"article\" \/>\n<meta property=\"og:title\" content=\"Fietsen in Schoorl - Park Scorleduyn\" \/>\n<meta property=\"og:description\" content=\"Direct boeken Park Scorleduyn is een fraai gelegen vakantiepark in Schoorl en beschikt over moderne en smaakvol ingerichte luxe vakantiehuizen. Vanuit Park Scorleduyn heeft u de gelegenheid om de prachtige omgeving van Schoorl te ontdekken. Vakantiepark Scorleduyn \u2018Er even heerlijk tussenuit op Park Scorleduyn in Schoorl\u2019 \u2018Er even heerlijk tussenuit op Park Scorleduyn in Schoorl\u2019 Fietsen in SchoorlFietsen in SchoorlOntdek ... Read More\" \/>\n<meta property=\"og:url\" content=\"https:\/\/parkscorleduyn.com\/de\/fietsen-in-schoorl\/\" \/>\n<meta property=\"og:site_name\" content=\"Park Scorleduyn\" \/>\n<meta property=\"article:modified_time\" content=\"2025-10-23T12:18:57+00:00\" \/>\n<meta name=\"twitter:card\" content=\"summary_large_image\" \/>\n<meta name=\"twitter:label1\" content=\"Gesch\u00e4tzte Lesezeit\" \/>\n\t<meta name=\"twitter:data1\" content=\"5\u00a0Minuten\" \/>\n<script type=\"application\/ld+json\" class=\"yoast-schema-graph\">{\"@context\":\"https:\/\/schema.org\",\"@graph\":[{\"@type\":\"WebPage\",\"@id\":\"https:\/\/parkscorleduyn.com\/nl_nl\/fietsen-in-schoorl\/\",\"url\":\"https:\/\/parkscorleduyn.com\/nl_nl\/fietsen-in-schoorl\/\",\"name\":\"Fietsen in Schoorl - Park Scorleduyn\",\"isPartOf\":{\"@id\":\"https:\/\/parkscorleduyn.com\/nl_nl\/#website\"},\"datePublished\":\"2020-04-08T14:37:17+00:00\",\"dateModified\":\"2025-10-23T12:18:57+00:00\",\"breadcrumb\":{\"@id\":\"https:\/\/parkscorleduyn.com\/nl_nl\/fietsen-in-schoorl\/#breadcrumb\"},\"inLanguage\":\"de\",\"potentialAction\":[{\"@type\":\"ReadAction\",\"target\":[\"https:\/\/parkscorleduyn.com\/nl_nl\/fietsen-in-schoorl\/\"]}]},{\"@type\":\"BreadcrumbList\",\"@id\":\"https:\/\/parkscorleduyn.com\/nl_nl\/fietsen-in-schoorl\/#breadcrumb\",\"itemListElement\":[{\"@type\":\"ListItem\",\"position\":1,\"name\":\"Home\",\"item\":\"https:\/\/parkscorleduyn.com\/nl_nl\/\"},{\"@type\":\"ListItem\",\"position\":2,\"name\":\"Fietsen in Schoorl\"}]},{\"@type\":\"WebSite\",\"@id\":\"https:\/\/parkscorleduyn.com\/nl_nl\/#website\",\"url\":\"https:\/\/parkscorleduyn.com\/nl_nl\/\",\"name\":\"Park Scorleduyn\",\"description\":\"Exclusieve duinwoningen\",\"potentialAction\":[{\"@type\":\"SearchAction\",\"target\":{\"@type\":\"EntryPoint\",\"urlTemplate\":\"https:\/\/parkscorleduyn.com\/nl_nl\/?s={search_term_string}\"},\"query-input\":{\"@type\":\"PropertyValueSpecification\",\"valueRequired\":true,\"valueName\":\"search_term_string\"}}],\"inLanguage\":\"de\"}]}<\/script>\n<!-- \/ Yoast SEO plugin. -->","yoast_head_json":{"title":"Radfahren in Schoorl - Park Scorleduyn","robots":{"index":"index","follow":"follow","max-snippet":"max-snippet:-1","max-image-preview":"max-image-preview:large","max-video-preview":"max-video-preview:-1"},"canonical":"https:\/\/parkscorleduyn.com\/de\/fietsen-in-schoorl\/","og_locale":"de_DE","og_type":"article","og_title":"Fietsen in Schoorl - Park Scorleduyn","og_description":"Direct boeken Park Scorleduyn is een fraai gelegen vakantiepark in Schoorl en beschikt over moderne en smaakvol ingerichte luxe vakantiehuizen. Vanuit Park Scorleduyn heeft u de gelegenheid om de prachtige omgeving van Schoorl te ontdekken. Vakantiepark Scorleduyn \u2018Er even heerlijk tussenuit op Park Scorleduyn in Schoorl\u2019 \u2018Er even heerlijk tussenuit op Park Scorleduyn in Schoorl\u2019 Fietsen in SchoorlFietsen in SchoorlOntdek ... Read More","og_url":"https:\/\/parkscorleduyn.com\/de\/fietsen-in-schoorl\/","og_site_name":"Park Scorleduyn","article_modified_time":"2025-10-23T12:18:57+00:00","twitter_card":"summary_large_image","twitter_misc":{"Gesch\u00e4tzte Lesezeit":"5\u00a0Minuten"},"schema":{"@context":"https:\/\/schema.org","@graph":[{"@type":"WebPage","@id":"https:\/\/parkscorleduyn.com\/nl_nl\/fietsen-in-schoorl\/","url":"https:\/\/parkscorleduyn.com\/nl_nl\/fietsen-in-schoorl\/","name":"Radfahren in Schoorl - Park Scorleduyn","isPartOf":{"@id":"https:\/\/parkscorleduyn.com\/nl_nl\/#website"},"datePublished":"2020-04-08T14:37:17+00:00","dateModified":"2025-10-23T12:18:57+00:00","breadcrumb":{"@id":"https:\/\/parkscorleduyn.com\/nl_nl\/fietsen-in-schoorl\/#breadcrumb"},"inLanguage":"de","potentialAction":[{"@type":"ReadAction","target":["https:\/\/parkscorleduyn.com\/nl_nl\/fietsen-in-schoorl\/"]}]},{"@type":"BreadcrumbList","@id":"https:\/\/parkscorleduyn.com\/nl_nl\/fietsen-in-schoorl\/#breadcrumb","itemListElement":[{"@type":"ListItem","position":1,"name":"Home","item":"https:\/\/parkscorleduyn.com\/nl_nl\/"},{"@type":"ListItem","position":2,"name":"Fietsen in Schoorl"}]},{"@type":"WebSite","@id":"https:\/\/parkscorleduyn.com\/nl_nl\/#website","url":"https:\/\/parkscorleduyn.com\/nl_nl\/","name":"Park Scorleduyn","description":"Exklusive D\u00fcnenh\u00e4user","potentialAction":[{"@type":"SearchAction","target":{"@type":"EntryPoint","urlTemplate":"https:\/\/parkscorleduyn.com\/nl_nl\/?s={search_term_string}"},"query-input":{"@type":"PropertyValueSpecification","valueRequired":true,"valueName":"search_term_string"}}],"inLanguage":"de"}]}},"_links":{"self":[{"href":"http:\/\/parkscorleduyn.com\/de\/wp-json\/wp\/v2\/pages\/489","targetHints":{"allow":["GET"]}}],"collection":[{"href":"http:\/\/parkscorleduyn.com\/de\/wp-json\/wp\/v2\/pages"}],"about":[{"href":"http:\/\/parkscorleduyn.com\/de\/wp-json\/wp\/v2\/types\/page"}],"author":[{"embeddable":true,"href":"http:\/\/parkscorleduyn.com\/de\/wp-json\/wp\/v2\/users\/2"}],"replies":[{"embeddable":true,"href":"http:\/\/parkscorleduyn.com\/de\/wp-json\/wp\/v2\/comments?post=489"}],"version-history":[{"count":7,"href":"http:\/\/parkscorleduyn.com\/de\/wp-json\/wp\/v2\/pages\/489\/revisions"}],"predecessor-version":[{"id":915,"href":"http:\/\/parkscorleduyn.com\/de\/wp-json\/wp\/v2\/pages\/489\/revisions\/915"}],"wp:attachment":[{"href":"http:\/\/parkscorleduyn.com\/de\/wp-json\/wp\/v2\/media?parent=489"}],"curies":[{"name":"wp","href":"https:\/\/api.w.org\/{rel}","templated":true}]}}